{"id":7085,"date":"2023-10-30T18:37:06","date_gmt":"2023-10-30T17:37:06","guid":{"rendered":"https:\/\/masaztajskibanino.pl\/?post_type=product&#038;p=7085"},"modified":"2026-01-01T19:39:08","modified_gmt":"2026-01-01T18:39:08","slug":"goracy-olejek-kokosowy-masaz-stop-refleksoterapia-pakiet-2-godz-kopia","status":"publish","type":"product","link":"https:\/\/masaztajskibanino.pl\/en\/product\/goracy-olejek-kokosowy-masaz-stop-refleksoterapia-pakiet-2-godz-kopia\/","title":{"rendered":"Gor\u0105cy Olejek Kokosowy + Masa\u017c St\u00f3p (Refleksoterapia) Pakiet 2 godz."},"content":{"rendered":"<p>Wspania\u0142e po\u0142\u0105czenie dw\u00f3ch masa\u017cy. Podczas pierwszej godziny skorzystasz z relaksuj\u0105cego masa\u017cu Gor\u0105cym Olejkiem Kokosowym. Druga godzina to bardzo niedoceniony masa\u017c w naszym kraju.\u00a0 Masa\u017c st\u00f3p jest najlepszym sposobem na odpoczynek, zrelaksowanie si\u0119 po stresuj\u0105cym dniu oraz zmniejszenie napi\u0119cia wewn\u0119trznego.<\/p>\n<p>Zakupione zaproszenia\u00a0 s\u0105 wa\u017cne 60 dni od daty zakupu<\/p>","protected":false},"excerpt":{"rendered":"<p>Dwugodzinny pakiet sk\u0142adaj\u0105cy si\u0119 z Masa\u017cu Gor\u0105cym Olejkiem Kokosowym i Masa\u017cu St\u00f3p (Refleksoterapii).<\/p>\n<p>&nbsp;<\/p>","protected":false},"featured_media":72,"template":"","meta":[],"product_brand":[],"product_cat":[22],"product_tag":[],"class_list":{"0":"post-7085","1":"product","2":"type-product","3":"status-publish","4":"has-post-thumbnail","6":"product_cat-zaproszenia","7":"sales-flash-overlay","8":"woocommerce-text-align-center","9":"woocommerce-image-align-center","10":"do-quantity-buttons","12":"first","13":"instock","14":"downloadable","15":"shipping-taxable","16":"purchasable","17":"product-type-simple"},"aioseo_notices":[],"_links":{"self":[{"href":"https:\/\/masaztajskibanino.pl\/en\/wp-json\/wp\/v2\/product\/7085","targetHints":{"allow":["GET"]}}],"collection":[{"href":"https:\/\/masaztajskibanino.pl\/en\/wp-json\/wp\/v2\/product"}],"about":[{"href":"https:\/\/masaztajskibanino.pl\/en\/wp-json\/wp\/v2\/types\/product"}],"wp:featuredmedia":[{"embeddable":true,"href":"https:\/\/masaztajskibanino.pl\/en\/wp-json\/wp\/v2\/media\/72"}],"wp:attachment":[{"href":"https:\/\/masaztajskibanino.pl\/en\/wp-json\/wp\/v2\/media?parent=7085"}],"wp:term":[{"taxonomy":"product_brand","embeddable":true,"href":"https:\/\/masaztajskibanino.pl\/en\/wp-json\/wp\/v2\/product_brand?post=7085"},{"taxonomy":"product_cat","embeddable":true,"href":"https:\/\/masaztajskibanino.pl\/en\/wp-json\/wp\/v2\/product_cat?post=7085"},{"taxonomy":"product_tag","embeddable":true,"href":"https:\/\/masaztajskibanino.pl\/en\/wp-json\/wp\/v2\/product_tag?post=7085"}],"curies":[{"name":"wp","href":"https:\/\/api.w.org\/{rel}","templated":true}]}}