{"id":5509,"date":"2022-06-03T14:06:20","date_gmt":"2022-06-03T12:06:20","guid":{"rendered":"https:\/\/masaztajskibanino.pl\/?post_type=product&#038;p=5509"},"modified":"2026-01-01T19:41:15","modified_gmt":"2026-01-01T18:41:15","slug":"sauna-gambanyoku-30min","status":"publish","type":"product","link":"https:\/\/masaztajskibanino.pl\/en\/product\/sauna-gambanyoku-30min\/","title":{"rendered":"Sauna Japo\u0144ska Ganbanyoku 30 minut"},"content":{"rendered":"<p>Wed\u0142ug opiniotwczych portali SPA Finder i New Beauty Magazine, seanse Ganbanyoku to jedne z pi\u0119ciu najciekawszych zabieg\u00f3w medycyny holistycznej na \u015bwiecie.\u00a0 Podczas sesji le\u017cymy na rozgrzanej do 42 stopni C skale wulkanicznej.\u00a0 Ciep\u0142o emanuj\u0105ce z kamienia wnika g\u0142\u0119boko do wn\u0119trza cia\u0142\u0105, powoduj\u0105c rozlu\u017anienie mi\u0119\u015bn, otwarcie por\u00f3w i uwalnanie toksyn.\u00a0 \u00a0Zabieg stymuluje kr\u0105\u017cenie i przyspiesza metabolizm nie przyspieszaj\u0105c rytmu serca.\u00a0 Promieniowanie infrared emitowane z magmy wulanicznej wchodzi w g\u0142\u0105b cia\u0142a 3 razy g\u0142\u0119biej od ciep\u0142a sauny tradycyjnej, pobudzaj\u0105c i aktywuj\u0105c wiele przemian na poziomie kom\u00f3rkowym.<\/p>\n<p><a href=\"https:\/\/masaztajskibanino.pl\/en\/sauna-ganbanyoku\/\">Wi\u0119cej informacji &#8230;<\/a><\/p>\n<p>Zakupione zaproszenia\u00a0 s\u0105 wa\u017cne 90 dni od daty zakupu<\/p>","protected":false},"excerpt":{"rendered":"<div id=\"siteIntroduction\" class=\"clearfix\">\n<div class=\"siteIntroductionContent text-muted\">\n<div class=\"col-sm-10\">Japo\u0144ska Sauna Gambanyoku wykorzystuje niezast\u0105pione dzia\u0142anie minera\u0142\u00f3w wulanicznych w zwalczaniu wielu dolegliwo\u015bci zdrowotnych.<\/div>\n<\/div>\n<\/div>","protected":false},"featured_media":5521,"template":"","meta":[],"product_brand":[],"product_cat":[22],"product_tag":[],"class_list":{"0":"post-5509","1":"product","2":"type-product","3":"status-publish","4":"has-post-thumbnail","6":"product_cat-zaproszenia","7":"sales-flash-overlay","8":"woocommerce-text-align-center","9":"woocommerce-image-align-center","10":"do-quantity-buttons","12":"first","13":"instock","14":"downloadable","15":"shipping-taxable","16":"purchasable","17":"product-type-simple"},"aioseo_notices":[],"_links":{"self":[{"href":"https:\/\/masaztajskibanino.pl\/en\/wp-json\/wp\/v2\/product\/5509","targetHints":{"allow":["GET"]}}],"collection":[{"href":"https:\/\/masaztajskibanino.pl\/en\/wp-json\/wp\/v2\/product"}],"about":[{"href":"https:\/\/masaztajskibanino.pl\/en\/wp-json\/wp\/v2\/types\/product"}],"wp:featuredmedia":[{"embeddable":true,"href":"https:\/\/masaztajskibanino.pl\/en\/wp-json\/wp\/v2\/media\/5521"}],"wp:attachment":[{"href":"https:\/\/masaztajskibanino.pl\/en\/wp-json\/wp\/v2\/media?parent=5509"}],"wp:term":[{"taxonomy":"product_brand","embeddable":true,"href":"https:\/\/masaztajskibanino.pl\/en\/wp-json\/wp\/v2\/product_brand?post=5509"},{"taxonomy":"product_cat","embeddable":true,"href":"https:\/\/masaztajskibanino.pl\/en\/wp-json\/wp\/v2\/product_cat?post=5509"},{"taxonomy":"product_tag","embeddable":true,"href":"https:\/\/masaztajskibanino.pl\/en\/wp-json\/wp\/v2\/product_tag?post=5509"}],"curies":[{"name":"wp","href":"https:\/\/api.w.org\/{rel}","templated":true}]}}