{"id":407,"date":"2019-03-08T13:34:17","date_gmt":"2019-03-08T12:34:17","guid":{"rendered":"https:\/\/www.thai-land.pl\/?post_type=product&#038;p=407"},"modified":"2026-01-01T19:44:48","modified_gmt":"2026-01-01T18:44:48","slug":"1h-masaz-tradycyjny-1h-olejkiem-aromat-dla-dwojga","status":"publish","type":"product","link":"https:\/\/masaztajskibanino.pl\/en\/product\/1h-masaz-tradycyjny-1h-olejkiem-aromat-dla-dwojga\/","title":{"rendered":"1h Traditional Massage + 1h with Aroma Oil. for Two"},"content":{"rendered":"<p>Skorzystaj z dwugodzinnego pakietu dla dwojga.\u00a0 Pierwsza godzina to intensywny, Tradycyny Masa\u017c Tajski.\u00a0 Podczas drugiej godziny zrelaksuj si\u0119 masa\u017cem olejkiem aromatycznym.<\/p>\n<p>Zakupione zaproszenia\u00a0 s\u0105 wa\u017cne 90 dni od daty zakupu<\/p>","protected":false},"excerpt":{"rendered":"<div id=\"siteIntroduction\" class=\"clearfix\">\n<div class=\"siteIntroductionContent text-muted\">\n<div class=\"col-sm-10\">\n<div class=\"siteRating\">Dwugodzinny pakiet dla dwojga zawieraj\u0105cy 1h Tradycyjny Masa\u017c Tajski oraz 1h Masa\u017c Olejkiem Aromatycznym.<\/div>\n<div><\/div>\n<\/div>\n<\/div>\n<\/div>","protected":false},"featured_media":70,"template":"","meta":[],"product_brand":[],"product_cat":[22],"product_tag":[],"class_list":{"0":"post-407","1":"product","2":"type-product","3":"status-publish","4":"has-post-thumbnail","6":"product_cat-zaproszenia","7":"sales-flash-overlay","8":"woocommerce-text-align-center","9":"woocommerce-image-align-center","10":"do-quantity-buttons","12":"first","13":"instock","14":"downloadable","15":"shipping-taxable","16":"purchasable","17":"product-type-simple"},"aioseo_notices":[],"_links":{"self":[{"href":"https:\/\/masaztajskibanino.pl\/en\/wp-json\/wp\/v2\/product\/407","targetHints":{"allow":["GET"]}}],"collection":[{"href":"https:\/\/masaztajskibanino.pl\/en\/wp-json\/wp\/v2\/product"}],"about":[{"href":"https:\/\/masaztajskibanino.pl\/en\/wp-json\/wp\/v2\/types\/product"}],"wp:featuredmedia":[{"embeddable":true,"href":"https:\/\/masaztajskibanino.pl\/en\/wp-json\/wp\/v2\/media\/70"}],"wp:attachment":[{"href":"https:\/\/masaztajskibanino.pl\/en\/wp-json\/wp\/v2\/media?parent=407"}],"wp:term":[{"taxonomy":"product_brand","embeddable":true,"href":"https:\/\/masaztajskibanino.pl\/en\/wp-json\/wp\/v2\/product_brand?post=407"},{"taxonomy":"product_cat","embeddable":true,"href":"https:\/\/masaztajskibanino.pl\/en\/wp-json\/wp\/v2\/product_cat?post=407"},{"taxonomy":"product_tag","embeddable":true,"href":"https:\/\/masaztajskibanino.pl\/en\/wp-json\/wp\/v2\/product_tag?post=407"}],"curies":[{"name":"wp","href":"https:\/\/api.w.org\/{rel}","templated":true}]}}