{"id":404,"date":"2019-03-08T13:31:29","date_gmt":"2019-03-08T12:31:29","guid":{"rendered":"https:\/\/www.thai-land.pl\/?post_type=product&#038;p=404"},"modified":"2026-01-01T19:47:05","modified_gmt":"2026-01-01T18:47:05","slug":"15h-olejkiem-aromatycznym-05h-masaz-stop","status":"publish","type":"product","link":"https:\/\/masaztajskibanino.pl\/en\/product\/15h-olejkiem-aromatycznym-05h-masaz-stop\/","title":{"rendered":"1.5 hours with Aromatic Oil + 0.5h Foot Massage"},"content":{"rendered":"<p><strong>Pierwsze 1,5 godziny <\/strong>zrelaksuj si\u0119 z masa\u017cem\u00a0<em><strong>olejkiem aromatycznym<\/strong><\/em>. \u00a0Jest to mniej intensywny masa\u017c ni\u017c masa\u017c tajski klasyczny, wykonywany z u\u017cyciem olejk\u00f3w aromatycznych. Ten profesjonalnie wykonany masa\u017c u\u015bmierza b\u00f3l ramion, karku, szyi, plec\u00f3w i n\u00f3g. Celem tego masa\u017cu jest usprawnienie uk\u0142adu odporno\u015bciowego i nerwowego oraz przyspieszenie wydalania nadmiaru wody z organizmu poprzez stymulowanie por\u00f3w sk\u00f3rnych<\/p>\n<p><strong>Ostatnie 0,5 godziny<\/strong> masa\u017c zako\u0144czymy p\u00f3\u0142 godzinnym masa\u017cem st\u00f3p. Masa\u017c ten zapewnia intensywne pobudzenie receptor\u00f3w znajduj\u0105cych si\u0119 na stopach, a tym samym stymuluje prac\u0119 ca\u0142ego organizmu<\/p>\n<p>Zaproszenia wa\u017cne 90 dni od daty zakupu<\/p>\n<p>Cena regularna 320 z\u0142.\u00a0 Cena Promocyjna 290 z\u0142 obowi\u0105zuje od 1.03.2025.\u00a0 Najni\u017csza cena z 30 dni przed obni\u017ck\u0105 310 z\u0142.<\/p>","protected":false},"excerpt":{"rendered":"<div id=\"siteIntroduction\" class=\"clearfix\">\n<div class=\"siteIntroductionContent text-muted\">\n<div class=\"col-sm-10\">Take advantage of the Two-Hour Massage of the Week at the Promotional Price. Massage with aromatic oil + foot massage<\/div>\n<\/div>\n<\/div>\n<div>Najni\u017csza cena kt\u00f3ra obowi\u0105zywa\u0142a 30 dni przed obni\u017ck\u0105 310 z\u0142<\/div>","protected":false},"featured_media":405,"template":"","meta":[],"product_brand":[],"product_cat":[22],"product_tag":[],"class_list":{"0":"post-404","1":"product","2":"type-product","3":"status-publish","4":"has-post-thumbnail","6":"product_cat-zaproszenia","7":"sales-flash-overlay","8":"woocommerce-text-align-center","9":"woocommerce-image-align-center","10":"do-quantity-buttons","12":"first","13":"instock","14":"sale","15":"downloadable","16":"shipping-taxable","17":"purchasable","18":"product-type-simple"},"aioseo_notices":[],"_links":{"self":[{"href":"https:\/\/masaztajskibanino.pl\/en\/wp-json\/wp\/v2\/product\/404","targetHints":{"allow":["GET"]}}],"collection":[{"href":"https:\/\/masaztajskibanino.pl\/en\/wp-json\/wp\/v2\/product"}],"about":[{"href":"https:\/\/masaztajskibanino.pl\/en\/wp-json\/wp\/v2\/types\/product"}],"wp:featuredmedia":[{"embeddable":true,"href":"https:\/\/masaztajskibanino.pl\/en\/wp-json\/wp\/v2\/media\/405"}],"wp:attachment":[{"href":"https:\/\/masaztajskibanino.pl\/en\/wp-json\/wp\/v2\/media?parent=404"}],"wp:term":[{"taxonomy":"product_brand","embeddable":true,"href":"https:\/\/masaztajskibanino.pl\/en\/wp-json\/wp\/v2\/product_brand?post=404"},{"taxonomy":"product_cat","embeddable":true,"href":"https:\/\/masaztajskibanino.pl\/en\/wp-json\/wp\/v2\/product_cat?post=404"},{"taxonomy":"product_tag","embeddable":true,"href":"https:\/\/masaztajskibanino.pl\/en\/wp-json\/wp\/v2\/product_tag?post=404"}],"curies":[{"name":"wp","href":"https:\/\/api.w.org\/{rel}","templated":true}]}}