{"id":4009,"date":"2020-10-24T11:09:22","date_gmt":"2020-10-24T09:09:22","guid":{"rendered":"https:\/\/masaztajskibanino.pl\/?post_type=product&#038;p=4009"},"modified":"2026-01-01T19:42:19","modified_gmt":"2026-01-01T18:42:19","slug":"tradycyjny-masaz-tajski-stop-2-godz-kopia","status":"publish","type":"product","link":"https:\/\/masaztajskibanino.pl\/en\/product\/tradycyjny-masaz-tajski-stop-2-godz-kopia\/","title":{"rendered":"Tradycyjny Masa\u017c Tajski + Masa\u017c St\u00f3p (Refleksoterapia) Pakiet 2 godz."},"content":{"rendered":"<p>Wspania\u0142e po\u0142\u0105czenie dw\u00f3ch masa\u017cy. Podczas pierwszej godziny skorzystasz z intensywnego i leczniczego Tradycyjnego Masa\u017cu Tajskiego. Druga godzina to bardzo niedoceniony masa\u017c w naszym kraju.\u00a0 Masa\u017c st\u00f3p jest najlepszym sposobem na odpoczynek, zrelaksowanie si\u0119 po stresuj\u0105cym dniu oraz zmniejszenie napi\u0119cia wewn\u0119trznego.<\/p>\n<p>Zakupione zaproszenia\u00a0 s\u0105 wa\u017cne 90 dni od daty zakupu<\/p>","protected":false},"excerpt":{"rendered":"<p>Dwugodzinny pakiet sk\u0142adaj\u0105cy si\u0119 z Tradycyjnego Masa\u017cu Tajskiego i Masa\u017cu St\u00f3p (Refleksoterapii).<\/p>","protected":false},"featured_media":72,"template":"","meta":[],"product_brand":[],"product_cat":[22],"product_tag":[],"class_list":{"0":"post-4009","1":"product","2":"type-product","3":"status-publish","4":"has-post-thumbnail","6":"product_cat-zaproszenia","7":"sales-flash-overlay","8":"woocommerce-text-align-center","9":"woocommerce-image-align-center","10":"do-quantity-buttons","12":"first","13":"instock","14":"downloadable","15":"shipping-taxable","16":"purchasable","17":"product-type-simple"},"aioseo_notices":[],"_links":{"self":[{"href":"https:\/\/masaztajskibanino.pl\/en\/wp-json\/wp\/v2\/product\/4009","targetHints":{"allow":["GET"]}}],"collection":[{"href":"https:\/\/masaztajskibanino.pl\/en\/wp-json\/wp\/v2\/product"}],"about":[{"href":"https:\/\/masaztajskibanino.pl\/en\/wp-json\/wp\/v2\/types\/product"}],"wp:featuredmedia":[{"embeddable":true,"href":"https:\/\/masaztajskibanino.pl\/en\/wp-json\/wp\/v2\/media\/72"}],"wp:attachment":[{"href":"https:\/\/masaztajskibanino.pl\/en\/wp-json\/wp\/v2\/media?parent=4009"}],"wp:term":[{"taxonomy":"product_brand","embeddable":true,"href":"https:\/\/masaztajskibanino.pl\/en\/wp-json\/wp\/v2\/product_brand?post=4009"},{"taxonomy":"product_cat","embeddable":true,"href":"https:\/\/masaztajskibanino.pl\/en\/wp-json\/wp\/v2\/product_cat?post=4009"},{"taxonomy":"product_tag","embeddable":true,"href":"https:\/\/masaztajskibanino.pl\/en\/wp-json\/wp\/v2\/product_tag?post=4009"}],"curies":[{"name":"wp","href":"https:\/\/api.w.org\/{rel}","templated":true}]}}