{"id":394,"date":"2019-03-08T13:22:00","date_gmt":"2019-03-08T12:22:00","guid":{"rendered":"https:\/\/www.thai-land.pl\/?post_type=product&#038;p=394"},"modified":"2026-01-01T20:01:20","modified_gmt":"2026-01-01T19:01:20","slug":"tradycyjny-masaz-tajski-2-godz","status":"publish","type":"product","link":"https:\/\/masaztajskibanino.pl\/en\/product\/tradycyjny-masaz-tajski-2-godz\/","title":{"rendered":"Traditional Thai Massage - 1 hour"},"content":{"rendered":"<p>Intensywny i g\u0142\u0119boki masa\u017c wykonywany najcz\u0119\u015bciej na pod\u0142odze i zawsze w wygodnym ubraniu. W tradycyjnym masa\u017cu tajskim uciskane s\u0105 okre\u015blone punkty na ca\u0142ym ciele poczynaj\u0105c od st\u00f3p i ko\u0144cz\u0105c na g\u0142owie. Jest to technika kt\u00f3ra \u0142\u0105czy g\u0142\u0119bok\u0105 akupresur\u0119 najistotniejszych punkt\u00f3w cia\u0142a z elementami jogi. Masa\u017c ten, w Tajlandii uznawany jako masa\u017c leczniczy, pozwala na roz\u0142adowanie napi\u0119cia mi\u0119\u015bni i staw\u00f3w.<\/p>\n<p>Zakupione zaproszenia\u00a0 s\u0105 wa\u017cne 90 dni od daty zakupu<\/p>","protected":false},"excerpt":{"rendered":"<div id=\"siteIntroduction\" class=\"clearfix\">\n<div class=\"siteIntroductionContent text-muted\">\n<div class=\"col-sm-10\">Tradycyjny Masa\u017c Tajski &#8211; Intensywny masa\u017c leczniczy. Dla ducha, serca i cia\u0142a.<\/div>\n<\/div>\n<\/div>","protected":false},"featured_media":127,"template":"","meta":[],"product_brand":[],"product_cat":[22],"product_tag":[],"class_list":{"0":"post-394","1":"product","2":"type-product","3":"status-publish","4":"has-post-thumbnail","6":"product_cat-zaproszenia","7":"sales-flash-overlay","8":"woocommerce-text-align-center","9":"woocommerce-image-align-center","10":"do-quantity-buttons","12":"first","13":"instock","14":"featured","15":"downloadable","16":"shipping-taxable","17":"purchasable","18":"product-type-simple"},"aioseo_notices":[],"_links":{"self":[{"href":"https:\/\/masaztajskibanino.pl\/en\/wp-json\/wp\/v2\/product\/394","targetHints":{"allow":["GET"]}}],"collection":[{"href":"https:\/\/masaztajskibanino.pl\/en\/wp-json\/wp\/v2\/product"}],"about":[{"href":"https:\/\/masaztajskibanino.pl\/en\/wp-json\/wp\/v2\/types\/product"}],"wp:featuredmedia":[{"embeddable":true,"href":"https:\/\/masaztajskibanino.pl\/en\/wp-json\/wp\/v2\/media\/127"}],"wp:attachment":[{"href":"https:\/\/masaztajskibanino.pl\/en\/wp-json\/wp\/v2\/media?parent=394"}],"wp:term":[{"taxonomy":"product_brand","embeddable":true,"href":"https:\/\/masaztajskibanino.pl\/en\/wp-json\/wp\/v2\/product_brand?post=394"},{"taxonomy":"product_cat","embeddable":true,"href":"https:\/\/masaztajskibanino.pl\/en\/wp-json\/wp\/v2\/product_cat?post=394"},{"taxonomy":"product_tag","embeddable":true,"href":"https:\/\/masaztajskibanino.pl\/en\/wp-json\/wp\/v2\/product_tag?post=394"}],"curies":[{"name":"wp","href":"https:\/\/api.w.org\/{rel}","templated":true}]}}