{"id":393,"date":"2019-03-08T13:21:28","date_gmt":"2019-03-08T12:21:28","guid":{"rendered":"https:\/\/www.thai-land.pl\/?post_type=product&#038;p=393"},"modified":"2026-01-01T20:02:40","modified_gmt":"2026-01-01T19:02:40","slug":"masaz-tajski-olejkami-aromatycznymi-1-godz","status":"publish","type":"product","link":"https:\/\/masaztajskibanino.pl\/en\/product\/masaz-tajski-olejkami-aromatycznymi-1-godz\/","title":{"rendered":"Thai massage with aromatic oils - 1 hour"},"content":{"rendered":"<p>Mniej intensywny ni\u017c masa\u017c klasyczny i bardziej relaksuj\u0105cy masa\u017c wykonywany z u\u017cyciem olejk\u00f3w aromatycznych. Technika akupresury z po\u0142\u0105czeniem masa\u017cu ajurwedycznego relaksuje i uwalnia od stresu. Poprawnie wykonany masa\u017c tajski olejkami aromatycznymi u\u015bmierza b\u00f3l ramion, karku, szyi, plec\u00f3w i n\u00f3g. Celem tego masa\u017cu jest usprawnienie uk\u0142adu odporno\u015bciowego i nerwowego oraz przyspieszenie wydalania nadmiaru wody z organizmu poprzez stymulowanie por\u00f3w sk\u00f3rnych.<\/p>\n<p>Zakupione zaproszenia\u00a0 s\u0105 wa\u017cne 90 dni od daty zakupu<\/p>","protected":false},"excerpt":{"rendered":"<div id=\"siteIntroduction\" class=\"clearfix\">\n<div class=\"siteIntroductionContent text-muted\">\n<div class=\"col-sm-10\"><span class=\"catalogProductIntro\">Mniej intensywny ni\u017c masa\u017c tradycyjny i bardziej relaksuj\u0105cy masa\u017c wykonywany z u\u017cyciem olejk\u00f3w aromatycznych.<\/span><\/div>\n<div><\/div>\n<\/div>\n<\/div>","protected":false},"featured_media":392,"template":"","meta":[],"product_brand":[],"product_cat":[22],"product_tag":[],"class_list":{"0":"post-393","1":"product","2":"type-product","3":"status-publish","4":"has-post-thumbnail","6":"product_cat-zaproszenia","7":"sales-flash-overlay","8":"woocommerce-text-align-center","9":"woocommerce-image-align-center","10":"do-quantity-buttons","12":"first","13":"instock","14":"featured","15":"downloadable","16":"shipping-taxable","17":"purchasable","18":"product-type-simple"},"aioseo_notices":[],"_links":{"self":[{"href":"https:\/\/masaztajskibanino.pl\/en\/wp-json\/wp\/v2\/product\/393","targetHints":{"allow":["GET"]}}],"collection":[{"href":"https:\/\/masaztajskibanino.pl\/en\/wp-json\/wp\/v2\/product"}],"about":[{"href":"https:\/\/masaztajskibanino.pl\/en\/wp-json\/wp\/v2\/types\/product"}],"wp:featuredmedia":[{"embeddable":true,"href":"https:\/\/masaztajskibanino.pl\/en\/wp-json\/wp\/v2\/media\/392"}],"wp:attachment":[{"href":"https:\/\/masaztajskibanino.pl\/en\/wp-json\/wp\/v2\/media?parent=393"}],"wp:term":[{"taxonomy":"product_brand","embeddable":true,"href":"https:\/\/masaztajskibanino.pl\/en\/wp-json\/wp\/v2\/product_brand?post=393"},{"taxonomy":"product_cat","embeddable":true,"href":"https:\/\/masaztajskibanino.pl\/en\/wp-json\/wp\/v2\/product_cat?post=393"},{"taxonomy":"product_tag","embeddable":true,"href":"https:\/\/masaztajskibanino.pl\/en\/wp-json\/wp\/v2\/product_tag?post=393"}],"curies":[{"name":"wp","href":"https:\/\/api.w.org\/{rel}","templated":true}]}}