{"id":360,"date":"2019-03-08T08:54:03","date_gmt":"2019-03-08T07:54:03","guid":{"rendered":"https:\/\/www.thai-land.pl\/?post_type=product&#038;p=360"},"modified":"2026-01-01T20:13:03","modified_gmt":"2026-01-01T19:13:03","slug":"tradycyjny-masaz-tajski-sauna-ganbanyoku","status":"publish","type":"product","link":"https:\/\/masaztajskibanino.pl\/en\/product\/tradycyjny-masaz-tajski-sauna-ganbanyoku\/","title":{"rendered":"1,5h Tradycyjny Masa\u017c Tajski + 0,5h Sauna Ganbanyoku"},"content":{"rendered":"<p>Skorzystaj z intensywnego i rozgrzewaj\u0105cego pakietu sk\u0142adaj\u0105cego si\u0119 z 1,5h Tradycyjnego Masa\u017cu Tajskiego oraz 0,5h odpoczynku na wulkanicznym stole Ganbanyoku rozgrzanego do 40 stopni C.<\/p>\n<p>Us\u0142uga wykonywana na osobnych sto\u0142ach.<\/p>\n<p>Zakupione zaproszenia\u00a0 s\u0105 wa\u017cne 90 dni od daty zakupu<\/p>\n<p>Cena Regularna 330 z\u0142.\u00a0 Cena promocyjna 300 z\u0142 obowi\u0105zuj\u0105ca od 1.03.2025.\u00a0 Najni\u017csza cena z 30 dni przed obni\u017ck\u0105 330 z\u0142.<\/p>\n<p>&nbsp;<\/p>","protected":false},"excerpt":{"rendered":"<p>Dwugodzinny pakiet &#8211; 1,5h Tradycyjny Masa\u017c Tajski + 0,5h Sauna Ganbanyoku<\/p>\n<p>Najni\u017csza cena, kt\u00f3ra obowi\u0105zywa\u0142a 30 dni przed wprowadzeniem obni\u017cki 330 z\u0142<\/p>","protected":false},"featured_media":7077,"template":"","meta":[],"product_brand":[],"product_cat":[22],"product_tag":[],"class_list":{"0":"post-360","1":"product","2":"type-product","3":"status-publish","4":"has-post-thumbnail","6":"product_cat-zaproszenia","7":"sales-flash-overlay","8":"woocommerce-text-align-center","9":"woocommerce-image-align-center","10":"do-quantity-buttons","12":"first","13":"instock","14":"sale","15":"downloadable","16":"shipping-taxable","17":"purchasable","18":"product-type-simple"},"aioseo_notices":[],"_links":{"self":[{"href":"https:\/\/masaztajskibanino.pl\/en\/wp-json\/wp\/v2\/product\/360","targetHints":{"allow":["GET"]}}],"collection":[{"href":"https:\/\/masaztajskibanino.pl\/en\/wp-json\/wp\/v2\/product"}],"about":[{"href":"https:\/\/masaztajskibanino.pl\/en\/wp-json\/wp\/v2\/types\/product"}],"wp:featuredmedia":[{"embeddable":true,"href":"https:\/\/masaztajskibanino.pl\/en\/wp-json\/wp\/v2\/media\/7077"}],"wp:attachment":[{"href":"https:\/\/masaztajskibanino.pl\/en\/wp-json\/wp\/v2\/media?parent=360"}],"wp:term":[{"taxonomy":"product_brand","embeddable":true,"href":"https:\/\/masaztajskibanino.pl\/en\/wp-json\/wp\/v2\/product_brand?post=360"},{"taxonomy":"product_cat","embeddable":true,"href":"https:\/\/masaztajskibanino.pl\/en\/wp-json\/wp\/v2\/product_cat?post=360"},{"taxonomy":"product_tag","embeddable":true,"href":"https:\/\/masaztajskibanino.pl\/en\/wp-json\/wp\/v2\/product_tag?post=360"}],"curies":[{"name":"wp","href":"https:\/\/api.w.org\/{rel}","templated":true}]}}