{"id":5575,"date":"2022-06-08T07:39:38","date_gmt":"2022-06-08T05:39:38","guid":{"rendered":"https:\/\/masaztajskibanino.pl\/?page_id=5575"},"modified":"2022-06-08T08:08:27","modified_gmt":"2022-06-08T06:08:27","slug":"przeciwwskazania","status":"publish","type":"page","link":"https:\/\/masaztajskibanino.pl\/en\/floating\/przeciwwskazania\/","title":{"rendered":"Przeciwwskazania"},"content":{"rendered":"\t\t<div data-elementor-type=\"wp-page\" data-elementor-id=\"5575\" class=\"elementor elementor-5575\" data-elementor-post-type=\"page\">\n\t\t\t\t\t\t<section class=\"elementor-section elementor-top-section elementor-element elementor-element-eb6dd62 elementor-section-boxed elementor-section-height-default elementor-section-height-default\" data-id=\"eb6dd62\" data-element_type=\"section\" data-e-type=\"section\" data-settings=\"{&quot;jet_parallax_layout_list&quot;:[{&quot;jet_parallax_layout_image&quot;:{&quot;url&quot;:&quot;&quot;,&quot;id&quot;:&quot;&quot;,&quot;size&quot;:&quot;&quot;},&quot;_id&quot;:&quot;251d0c7&quot;,&quot;jet_parallax_layout_image_tablet&quot;:{&quot;url&quot;:&quot;&quot;,&quot;id&quot;:&quot;&quot;,&quot;size&quot;:&quot;&quot;},&quot;jet_parallax_layout_image_mobile&quot;:{&quot;url&quot;:&quot;&quot;,&quot;id&quot;:&quot;&quot;,&quot;size&quot;:&quot;&quot;},&quot;jet_parallax_layout_speed&quot;:{&quot;unit&quot;:&quot;%&quot;,&quot;size&quot;:50,&quot;sizes&quot;:[]},&quot;jet_parallax_layout_type&quot;:&quot;scroll&quot;,&quot;jet_parallax_layout_direction&quot;:&quot;1&quot;,&quot;jet_parallax_layout_fx_direction&quot;:null,&quot;jet_parallax_layout_z_index&quot;:&quot;&quot;,&quot;jet_parallax_layout_bg_x&quot;:50,&quot;jet_parallax_layout_bg_x_tablet&quot;:&quot;&quot;,&quot;jet_parallax_layout_bg_x_mobile&quot;:&quot;&quot;,&quot;jet_parallax_layout_bg_y&quot;:50,&quot;jet_parallax_layout_bg_y_tablet&quot;:&quot;&quot;,&quot;jet_parallax_layout_bg_y_mobile&quot;:&quot;&quot;,&quot;jet_parallax_layout_bg_size&quot;:&quot;auto&quot;,&quot;jet_parallax_layout_bg_size_tablet&quot;:&quot;&quot;,&quot;jet_parallax_layout_bg_size_mobile&quot;:&quot;&quot;,&quot;jet_parallax_layout_animation_prop&quot;:&quot;transform&quot;,&quot;jet_parallax_layout_on&quot;:[&quot;desktop&quot;,&quot;tablet&quot;]}]}\">\n\t\t\t\t\t\t<div class=\"elementor-container elementor-column-gap-default\">\n\t\t\t\t\t<div class=\"elementor-column elementor-col-100 elementor-top-column elementor-element elementor-element-a03516d\" data-id=\"a03516d\" data-element_type=\"column\" data-e-type=\"column\">\n\t\t\t<div class=\"elementor-widget-wrap elementor-element-populated\">\n\t\t\t\t\t\t<div class=\"elementor-element elementor-element-2f6ee8c elementor-widget elementor-widget-heading\" data-id=\"2f6ee8c\" data-element_type=\"widget\" data-e-type=\"widget\" data-widget_type=\"heading.default\">\n\t\t\t\t<div class=\"elementor-widget-container\">\n\t\t\t\t\t<h1 class=\"elementor-heading-title elementor-size-default\">Przeciwwskazania<\/h1>\t\t\t\t<\/div>\n\t\t\t\t<\/div>\n\t\t\t\t<div class=\"elementor-element elementor-element-94777e3 elementor-widget elementor-widget-image\" data-id=\"94777e3\" data-element_type=\"widget\" data-e-type=\"widget\" data-widget_type=\"image.default\">\n\t\t\t\t<div class=\"elementor-widget-container\">\n\t\t\t\t\t\t\t\t\t\t\t\t\t\t\t<img fetchpriority=\"high\" decoding=\"async\" width=\"900\" height=\"675\" src=\"https:\/\/masaztajskibanino.pl\/wp-content\/uploads\/2022\/06\/float-therapy-kedzierzyn-kozle-2.jpg\" class=\"attachment-large size-large wp-image-5578\" alt=\"\" srcset=\"https:\/\/masaztajskibanino.pl\/wp-content\/uploads\/2022\/06\/float-therapy-kedzierzyn-kozle-2.jpg 900w, https:\/\/masaztajskibanino.pl\/wp-content\/uploads\/2022\/06\/float-therapy-kedzierzyn-kozle-2-300x225.jpg 300w, https:\/\/masaztajskibanino.pl\/wp-content\/uploads\/2022\/06\/float-therapy-kedzierzyn-kozle-2-768x576.jpg 768w, https:\/\/masaztajskibanino.pl\/wp-content\/uploads\/2022\/06\/float-therapy-kedzierzyn-kozle-2-16x12.jpg 16w, https:\/\/masaztajskibanino.pl\/wp-content\/uploads\/2022\/06\/float-therapy-kedzierzyn-kozle-2-600x450.jpg 600w\" sizes=\"(max-width: 900px) 100vw, 900px\" \/>\t\t\t\t\t\t\t\t\t\t\t\t\t\t\t<\/div>\n\t\t\t\t<\/div>\n\t\t\t\t<div class=\"elementor-element elementor-element-133bfb5 elementor-widget elementor-widget-text-editor\" data-id=\"133bfb5\" data-element_type=\"widget\" data-e-type=\"widget\" data-widget_type=\"text-editor.default\">\n\t\t\t\t<div class=\"elementor-widget-container\">\n\t\t\t\t\t\t\t\t\t<p style=\"text-align: left;\">\u00a0<\/p><ul><li style=\"text-align: left;\">epilepsja<\/li><li style=\"text-align: left;\">niskie ci\u015bnienie t\u0119tnicze krwi<\/li><li style=\"text-align: left;\">menstruacja<\/li><li style=\"text-align: left;\">otwarte niezagojone rany, skaleczenia<\/li><li style=\"text-align: left;\">spo\u017cycie alkoholu i\u00a0\u015brodk\u00f3w psychoaktywnych<\/li><li style=\"text-align: left;\">depilacja i\u00a0golenie bezpo\u015brednio przed zabiegiem<\/li><li style=\"text-align: left;\">klaustrofobia<\/li><li style=\"text-align: left;\">wszczepiony rozrusznik serca<\/li><li style=\"text-align: left;\">nowotwory z\u0142o\u015bliwe sk\u00f3ry<\/li><\/ul><p>\u00a0<\/p><p>Przed zabiegiem zalecane jest zasi\u0119gni\u0119cie porady lekarskiej przez kobiety w ci\u0105\u017cy, osoby oty\u0142e, z chorobami lub dolegliwo\u015bciami serca, ze zbyt wysokim\/niskim ci\u015bnieniem, z zaburzeniami uk\u0142adu kr\u0105\u017cenia, maj\u0105ce cukrzyc\u0119, a tak\u017ce za\u017cywaj\u0105ce lekarstwa, zw\u0142aszcza takie, kt\u00f3re w wyniku podwy\u017cszonej temperatury mog\u0105 powodowa\u0107 senno\u015b\u0107, wywiera\u0107 wp\u0142yw na prac\u0119 serca, ci\u015bnienie i kr\u0105\u017cenie krwi.<\/p>\t\t\t\t\t\t\t\t<\/div>\n\t\t\t\t<\/div>\n\t\t\t\t\t<\/div>\n\t\t<\/div>\n\t\t\t\t\t<\/div>\n\t\t<\/section>\n\t\t\t\t<section class=\"elementor-section elementor-top-section elementor-element elementor-element-92b3370 elementor-section-boxed elementor-section-height-default elementor-section-height-default\" data-id=\"92b3370\" data-element_type=\"section\" data-e-type=\"section\" data-settings=\"{&quot;jet_parallax_layout_list&quot;:[{&quot;jet_parallax_layout_image&quot;:{&quot;url&quot;:&quot;&quot;,&quot;id&quot;:&quot;&quot;,&quot;size&quot;:&quot;&quot;},&quot;_id&quot;:&quot;6ce9414&quot;,&quot;jet_parallax_layout_image_tablet&quot;:{&quot;url&quot;:&quot;&quot;,&quot;id&quot;:&quot;&quot;,&quot;size&quot;:&quot;&quot;},&quot;jet_parallax_layout_image_mobile&quot;:{&quot;url&quot;:&quot;&quot;,&quot;id&quot;:&quot;&quot;,&quot;size&quot;:&quot;&quot;},&quot;jet_parallax_layout_speed&quot;:{&quot;unit&quot;:&quot;%&quot;,&quot;size&quot;:50,&quot;sizes&quot;:[]},&quot;jet_parallax_layout_type&quot;:&quot;scroll&quot;,&quot;jet_parallax_layout_direction&quot;:&quot;1&quot;,&quot;jet_parallax_layout_fx_direction&quot;:null,&quot;jet_parallax_layout_z_index&quot;:&quot;&quot;,&quot;jet_parallax_layout_bg_x&quot;:50,&quot;jet_parallax_layout_bg_x_tablet&quot;:&quot;&quot;,&quot;jet_parallax_layout_bg_x_mobile&quot;:&quot;&quot;,&quot;jet_parallax_layout_bg_y&quot;:50,&quot;jet_parallax_layout_bg_y_tablet&quot;:&quot;&quot;,&quot;jet_parallax_layout_bg_y_mobile&quot;:&quot;&quot;,&quot;jet_parallax_layout_bg_size&quot;:&quot;auto&quot;,&quot;jet_parallax_layout_bg_size_tablet&quot;:&quot;&quot;,&quot;jet_parallax_layout_bg_size_mobile&quot;:&quot;&quot;,&quot;jet_parallax_layout_animation_prop&quot;:&quot;transform&quot;,&quot;jet_parallax_layout_on&quot;:[&quot;desktop&quot;,&quot;tablet&quot;]}]}\">\n\t\t\t\t\t\t<div class=\"elementor-container elementor-column-gap-default\">\n\t\t\t\t\t<div class=\"elementor-column elementor-col-33 elementor-top-column elementor-element elementor-element-eb7c74f\" data-id=\"eb7c74f\" data-element_type=\"column\" data-e-type=\"column\">\n\t\t\t<div class=\"elementor-widget-wrap elementor-element-populated\">\n\t\t\t\t\t\t<div class=\"elementor-element elementor-element-ba19b58 elementor-widget elementor-widget-button\" data-id=\"ba19b58\" data-element_type=\"widget\" data-e-type=\"widget\" data-widget_type=\"button.default\">\n\t\t\t\t<div class=\"elementor-widget-container\">\n\t\t\t\t\t\t\t\t\t<div class=\"elementor-button-wrapper\">\n\t\t\t\t\t<a class=\"elementor-button elementor-button-link elementor-size-sm\" href=\"https:\/\/masaztajskibanino.pl\/en\/\">\n\t\t\t\t\t\t<span class=\"elementor-button-content-wrapper\">\n\t\t\t\t\t\t<span class=\"elementor-button-icon\">\n\t\t\t\t<i aria-hidden=\"true\" class=\"fas fa-long-arrow-alt-left\"><\/i>\t\t\t<\/span>\n\t\t\t\t\t\t\t\t\t<span class=\"elementor-button-text\">Wr\u00f3\u0107 do strony g\u0142\u00f3wnej <\/span>\n\t\t\t\t\t<\/span>\n\t\t\t\t\t<\/a>\n\t\t\t\t<\/div>\n\t\t\t\t\t\t\t\t<\/div>\n\t\t\t\t<\/div>\n\t\t\t\t\t<\/div>\n\t\t<\/div>\n\t\t\t\t<div class=\"elementor-column elementor-col-33 elementor-top-column elementor-element elementor-element-61bfda6\" data-id=\"61bfda6\" data-element_type=\"column\" data-e-type=\"column\">\n\t\t\t<div class=\"elementor-widget-wrap elementor-element-populated\">\n\t\t\t\t\t\t<div class=\"elementor-element elementor-element-525d0b1 elementor-align-center elementor-widget elementor-widget-button\" data-id=\"525d0b1\" data-element_type=\"widget\" data-e-type=\"widget\" data-widget_type=\"button.default\">\n\t\t\t\t<div class=\"elementor-widget-container\">\n\t\t\t\t\t\t\t\t\t<div class=\"elementor-button-wrapper\">\n\t\t\t\t\t<a class=\"elementor-button elementor-button-link elementor-size-sm\" href=\"\/sauna-ganbanyoku\/\">\n\t\t\t\t\t\t<span class=\"elementor-button-content-wrapper\">\n\t\t\t\t\t\t\t\t\t<span class=\"elementor-button-text\">Wr\u00f3\u0107 do strony Sauna Ganbanyoku<\/span>\n\t\t\t\t\t<\/span>\n\t\t\t\t\t<\/a>\n\t\t\t\t<\/div>\n\t\t\t\t\t\t\t\t<\/div>\n\t\t\t\t<\/div>\n\t\t\t\t\t<\/div>\n\t\t<\/div>\n\t\t\t\t<div class=\"elementor-column elementor-col-33 elementor-top-column elementor-element elementor-element-62f2f6a\" data-id=\"62f2f6a\" data-element_type=\"column\" data-e-type=\"column\">\n\t\t\t<div class=\"elementor-widget-wrap elementor-element-populated\">\n\t\t\t\t\t\t<div class=\"elementor-element elementor-element-f34c738 elementor-align-right elementor-widget elementor-widget-button\" data-id=\"f34c738\" data-element_type=\"widget\" data-e-type=\"widget\" data-widget_type=\"button.default\">\n\t\t\t\t<div class=\"elementor-widget-container\">\n\t\t\t\t\t\t\t\t\t<div class=\"elementor-button-wrapper\">\n\t\t\t\t\t<a class=\"elementor-button elementor-button-link elementor-size-sm\" href=\"\/floating\/aktualna-oferta-i-pakiety-promocyjne\/\">\n\t\t\t\t\t\t<span class=\"elementor-button-content-wrapper\">\n\t\t\t\t\t\t<span class=\"elementor-button-icon\">\n\t\t\t\t<i aria-hidden=\"true\" class=\"fas fa-long-arrow-alt-right\"><\/i>\t\t\t<\/span>\n\t\t\t\t\t\t\t\t\t<span class=\"elementor-button-text\">Czytaj dalej<\/span>\n\t\t\t\t\t<\/span>\n\t\t\t\t\t<\/a>\n\t\t\t\t<\/div>\n\t\t\t\t\t\t\t\t<\/div>\n\t\t\t\t<\/div>\n\t\t\t\t\t<\/div>\n\t\t<\/div>\n\t\t\t\t\t<\/div>\n\t\t<\/section>\n\t\t\t\t<\/div>\n\t\t","protected":false},"excerpt":{"rendered":"<p>\u00a0 epilepsja niskie ci\u015bnienie t\u0119tnicze krwi menstruacja otwarte niezagojone rany, skaleczenia spo\u017cycie alkoholu i\u00a0\u015brodk\u00f3w psychoaktywnych depilacja i\u00a0golenie bezpo\u015brednio przed zabiegiem klaustrofobia wszczepiony rozrusznik serca nowotwory z\u0142o\u015bliwe sk\u00f3ry \u00a0 Przed zabiegiem zalecane jest zasi\u0119gni\u0119cie porady lekarskiej przez kobiety w ci\u0105\u017cy, osoby oty\u0142e, z chorobami lub dolegliwo\u015bciami serca, ze zbyt wysokim\/niskim ci\u015bnieniem, z zaburzeniami uk\u0142adu kr\u0105\u017cenia, maj\u0105ce &#8230; <a title=\"Przeciwwskazania\" class=\"read-more\" href=\"https:\/\/masaztajskibanino.pl\/en\/floating\/przeciwwskazania\/\" aria-label=\"Read more about Przeciwwskazania\">Read more<\/a><\/p>","protected":false},"author":2,"featured_media":0,"parent":5563,"menu_order":0,"comment_status":"closed","ping_status":"closed","template":"","meta":{"footnotes":""},"class_list":["post-5575","page","type-page","status-publish"],"aioseo_notices":[],"_links":{"self":[{"href":"https:\/\/masaztajskibanino.pl\/en\/wp-json\/wp\/v2\/pages\/5575","targetHints":{"allow":["GET"]}}],"collection":[{"href":"https:\/\/masaztajskibanino.pl\/en\/wp-json\/wp\/v2\/pages"}],"about":[{"href":"https:\/\/masaztajskibanino.pl\/en\/wp-json\/wp\/v2\/types\/page"}],"author":[{"embeddable":true,"href":"https:\/\/masaztajskibanino.pl\/en\/wp-json\/wp\/v2\/users\/2"}],"replies":[{"embeddable":true,"href":"https:\/\/masaztajskibanino.pl\/en\/wp-json\/wp\/v2\/comments?post=5575"}],"version-history":[{"count":0,"href":"https:\/\/masaztajskibanino.pl\/en\/wp-json\/wp\/v2\/pages\/5575\/revisions"}],"up":[{"embeddable":true,"href":"https:\/\/masaztajskibanino.pl\/en\/wp-json\/wp\/v2\/pages\/5563"}],"wp:attachment":[{"href":"https:\/\/masaztajskibanino.pl\/en\/wp-json\/wp\/v2\/media?parent=5575"}],"curies":[{"name":"wp","href":"https:\/\/api.w.org\/{rel}","templated":true}]}}