{"id":5573,"date":"2022-06-08T07:39:15","date_gmt":"2022-06-08T05:39:15","guid":{"rendered":"https:\/\/masaztajskibanino.pl\/?page_id=5573"},"modified":"2022-06-08T08:05:35","modified_gmt":"2022-06-08T06:05:35","slug":"jak-przebiega-zabieg","status":"publish","type":"page","link":"https:\/\/masaztajskibanino.pl\/en\/floating\/jak-przebiega-zabieg\/","title":{"rendered":"Jak przebiega zabieg?"},"content":{"rendered":"\t\t<div data-elementor-type=\"wp-page\" data-elementor-id=\"5573\" class=\"elementor elementor-5573\" data-elementor-post-type=\"page\">\n\t\t\t\t\t\t<section class=\"elementor-section elementor-top-section elementor-element elementor-element-e914127 elementor-section-boxed elementor-section-height-default elementor-section-height-default\" data-id=\"e914127\" data-element_type=\"section\" data-e-type=\"section\" data-settings=\"{&quot;jet_parallax_layout_list&quot;:[{&quot;jet_parallax_layout_image&quot;:{&quot;url&quot;:&quot;&quot;,&quot;id&quot;:&quot;&quot;,&quot;size&quot;:&quot;&quot;},&quot;_id&quot;:&quot;251d0c7&quot;,&quot;jet_parallax_layout_image_tablet&quot;:{&quot;url&quot;:&quot;&quot;,&quot;id&quot;:&quot;&quot;,&quot;size&quot;:&quot;&quot;},&quot;jet_parallax_layout_image_mobile&quot;:{&quot;url&quot;:&quot;&quot;,&quot;id&quot;:&quot;&quot;,&quot;size&quot;:&quot;&quot;},&quot;jet_parallax_layout_speed&quot;:{&quot;unit&quot;:&quot;%&quot;,&quot;size&quot;:50,&quot;sizes&quot;:[]},&quot;jet_parallax_layout_type&quot;:&quot;scroll&quot;,&quot;jet_parallax_layout_direction&quot;:&quot;1&quot;,&quot;jet_parallax_layout_fx_direction&quot;:null,&quot;jet_parallax_layout_z_index&quot;:&quot;&quot;,&quot;jet_parallax_layout_bg_x&quot;:50,&quot;jet_parallax_layout_bg_x_tablet&quot;:&quot;&quot;,&quot;jet_parallax_layout_bg_x_mobile&quot;:&quot;&quot;,&quot;jet_parallax_layout_bg_y&quot;:50,&quot;jet_parallax_layout_bg_y_tablet&quot;:&quot;&quot;,&quot;jet_parallax_layout_bg_y_mobile&quot;:&quot;&quot;,&quot;jet_parallax_layout_bg_size&quot;:&quot;auto&quot;,&quot;jet_parallax_layout_bg_size_tablet&quot;:&quot;&quot;,&quot;jet_parallax_layout_bg_size_mobile&quot;:&quot;&quot;,&quot;jet_parallax_layout_animation_prop&quot;:&quot;transform&quot;,&quot;jet_parallax_layout_on&quot;:[&quot;desktop&quot;,&quot;tablet&quot;]}]}\">\n\t\t\t\t\t\t<div class=\"elementor-container elementor-column-gap-default\">\n\t\t\t\t\t<div class=\"elementor-column elementor-col-100 elementor-top-column elementor-element elementor-element-c81b5c5\" data-id=\"c81b5c5\" data-element_type=\"column\" data-e-type=\"column\">\n\t\t\t<div class=\"elementor-widget-wrap elementor-element-populated\">\n\t\t\t\t\t\t<div class=\"elementor-element elementor-element-186ae27 elementor-widget elementor-widget-heading\" data-id=\"186ae27\" data-element_type=\"widget\" data-e-type=\"widget\" data-widget_type=\"heading.default\">\n\t\t\t\t<div class=\"elementor-widget-container\">\n\t\t\t\t\t<h1 class=\"elementor-heading-title elementor-size-default\">Jak przebiega zabieg?<\/h1>\t\t\t\t<\/div>\n\t\t\t\t<\/div>\n\t\t\t\t<div class=\"elementor-element elementor-element-ddbd921 elementor-widget elementor-widget-image\" data-id=\"ddbd921\" data-element_type=\"widget\" data-e-type=\"widget\" data-widget_type=\"image.default\">\n\t\t\t\t<div class=\"elementor-widget-container\">\n\t\t\t\t\t\t\t\t\t\t\t\t\t\t\t<img fetchpriority=\"high\" decoding=\"async\" width=\"1024\" height=\"607\" src=\"https:\/\/masaztajskibanino.pl\/wp-content\/uploads\/2022\/06\/zabieg-floaing.jpg\" class=\"attachment-large size-large wp-image-5565\" alt=\"\" srcset=\"https:\/\/masaztajskibanino.pl\/wp-content\/uploads\/2022\/06\/zabieg-floaing.jpg 1024w, https:\/\/masaztajskibanino.pl\/wp-content\/uploads\/2022\/06\/zabieg-floaing-300x178.jpg 300w, https:\/\/masaztajskibanino.pl\/wp-content\/uploads\/2022\/06\/zabieg-floaing-768x455.jpg 768w, https:\/\/masaztajskibanino.pl\/wp-content\/uploads\/2022\/06\/zabieg-floaing-18x12.jpg 18w, https:\/\/masaztajskibanino.pl\/wp-content\/uploads\/2022\/06\/zabieg-floaing-600x356.jpg 600w\" sizes=\"(max-width: 1024px) 100vw, 1024px\" \/>\t\t\t\t\t\t\t\t\t\t\t\t\t\t\t<\/div>\n\t\t\t\t<\/div>\n\t\t\t\t<div class=\"elementor-element elementor-element-7927f57 elementor-widget elementor-widget-text-editor\" data-id=\"7927f57\" data-element_type=\"widget\" data-e-type=\"widget\" data-widget_type=\"text-editor.default\">\n\t\t\t\t<div class=\"elementor-widget-container\">\n\t\t\t\t\t\t\t\t\t<p>Floating to swobodne unoszenie si\u0119 cia\u0142a na powierzchni wody w specjalistycznej kabinie lub kapsule.<br \/>Woda ma jedynie 30 cm g\u0142\u0119boko\u015bci i zawiera leczniczy roztw\u00f3r soli Epsom. Wyj\u0105tkowa wyporno\u015b\u0107, temperatura roztworu i powietrza to\u017csama z temperatur\u0105 cia\u0142a, wywo\u0142uje silne wra\u017cenie lewitacji \u2013 poczucie unoszenia si\u0119 w powietrzu. Znikaj\u0105 obrazy, d\u017awi\u0119ki, dotyk, nie odczuwamy si\u0142y grawitacji. Cia\u0142o dryfuje w warunkach ca\u0142kowitej izolacji zmys\u0142owej od bod\u017ac\u00f3w zewn\u0119trznych, lekko ko\u0142ysz\u0105c si\u0119 na powierzchni roztworu, dzi\u0119ki czemu m\u00f3zg odpoczywa, gdy\u017c nie musi kontrolowa\u0107 pracy mi\u0119\u015bni. Aktywno\u015b\u0107 lewej p\u00f3\u0142kuli m\u00f3zgu zostaje spowolniona i synchronizuje si\u0119 z p\u00f3\u0142kul\u0105 praw\u0105. Mimo to m\u00f3zg pozostaje aktywny i wytwarza ogromne ilo\u015bci serotoniny i endorfin, tzw. hormon\u00f3w szcz\u0119\u015bcia, jednocze\u015bnie redukuje hormon stresu, co umo\u017cliwia pe\u0142n\u0105 relaksacj\u0119.<br \/>Przebywanie w roztworze soli, podobnym do Morza Martwego, prowadzi do naturalnej inhalacji g\u00f3rnych dr\u00f3g oddechowych, co poprawia oddychanie, wzmacnia odporno\u015b\u0107 organizmu oraz chroni przed infekcjami i alergiami. Minera\u0142y zawarte w roztworze, intensywnie nawil\u017caj\u0105 i uj\u0119drniaj\u0105 sk\u00f3r\u0119, likwiduj\u0105 podra\u017cnienia sk\u00f3ry, wyg\u0142adzaj\u0105 zmarszczki i blizny.<br \/>Ka\u017cdy seans, wed\u0142ug zgodnej opinii klient\u00f3w, to prze\u017cycie absolutnie nieziemskie. Znikaj\u0105 przewlek\u0142e b\u00f3le g\u0142owy, kr\u0119gos\u0142upa, staw\u00f3w, napi\u0119cie mi\u0119\u015bni, nadci\u015bnienie, stres, zm\u0119czenie, depresja, z\u0142e samopoczucie oraz inne schorzenia.<\/p>\t\t\t\t\t\t\t\t<\/div>\n\t\t\t\t<\/div>\n\t\t\t\t\t<\/div>\n\t\t<\/div>\n\t\t\t\t\t<\/div>\n\t\t<\/section>\n\t\t\t\t<section class=\"elementor-section elementor-top-section elementor-element elementor-element-c696570 elementor-section-boxed elementor-section-height-default elementor-section-height-default\" data-id=\"c696570\" data-element_type=\"section\" data-e-type=\"section\" data-settings=\"{&quot;jet_parallax_layout_list&quot;:[{&quot;jet_parallax_layout_image&quot;:{&quot;url&quot;:&quot;&quot;,&quot;id&quot;:&quot;&quot;,&quot;size&quot;:&quot;&quot;},&quot;_id&quot;:&quot;6ce9414&quot;,&quot;jet_parallax_layout_image_tablet&quot;:{&quot;url&quot;:&quot;&quot;,&quot;id&quot;:&quot;&quot;,&quot;size&quot;:&quot;&quot;},&quot;jet_parallax_layout_image_mobile&quot;:{&quot;url&quot;:&quot;&quot;,&quot;id&quot;:&quot;&quot;,&quot;size&quot;:&quot;&quot;},&quot;jet_parallax_layout_speed&quot;:{&quot;unit&quot;:&quot;%&quot;,&quot;size&quot;:50,&quot;sizes&quot;:[]},&quot;jet_parallax_layout_type&quot;:&quot;scroll&quot;,&quot;jet_parallax_layout_direction&quot;:&quot;1&quot;,&quot;jet_parallax_layout_fx_direction&quot;:null,&quot;jet_parallax_layout_z_index&quot;:&quot;&quot;,&quot;jet_parallax_layout_bg_x&quot;:50,&quot;jet_parallax_layout_bg_x_tablet&quot;:&quot;&quot;,&quot;jet_parallax_layout_bg_x_mobile&quot;:&quot;&quot;,&quot;jet_parallax_layout_bg_y&quot;:50,&quot;jet_parallax_layout_bg_y_tablet&quot;:&quot;&quot;,&quot;jet_parallax_layout_bg_y_mobile&quot;:&quot;&quot;,&quot;jet_parallax_layout_bg_size&quot;:&quot;auto&quot;,&quot;jet_parallax_layout_bg_size_tablet&quot;:&quot;&quot;,&quot;jet_parallax_layout_bg_size_mobile&quot;:&quot;&quot;,&quot;jet_parallax_layout_animation_prop&quot;:&quot;transform&quot;,&quot;jet_parallax_layout_on&quot;:[&quot;desktop&quot;,&quot;tablet&quot;]}]}\">\n\t\t\t\t\t\t<div class=\"elementor-container elementor-column-gap-default\">\n\t\t\t\t\t<div class=\"elementor-column elementor-col-33 elementor-top-column elementor-element elementor-element-3909bce\" data-id=\"3909bce\" data-element_type=\"column\" data-e-type=\"column\">\n\t\t\t<div class=\"elementor-widget-wrap elementor-element-populated\">\n\t\t\t\t\t\t<div class=\"elementor-element elementor-element-fb94420 elementor-widget elementor-widget-button\" data-id=\"fb94420\" data-element_type=\"widget\" data-e-type=\"widget\" data-widget_type=\"button.default\">\n\t\t\t\t<div class=\"elementor-widget-container\">\n\t\t\t\t\t\t\t\t\t<div class=\"elementor-button-wrapper\">\n\t\t\t\t\t<a class=\"elementor-button elementor-button-link elementor-size-sm\" href=\"https:\/\/masaztajskibanino.pl\/en\/\">\n\t\t\t\t\t\t<span class=\"elementor-button-content-wrapper\">\n\t\t\t\t\t\t<span class=\"elementor-button-icon\">\n\t\t\t\t<i aria-hidden=\"true\" class=\"fas fa-long-arrow-alt-left\"><\/i>\t\t\t<\/span>\n\t\t\t\t\t\t\t\t\t<span class=\"elementor-button-text\">Wr\u00f3\u0107 do strony g\u0142\u00f3wnej <\/span>\n\t\t\t\t\t<\/span>\n\t\t\t\t\t<\/a>\n\t\t\t\t<\/div>\n\t\t\t\t\t\t\t\t<\/div>\n\t\t\t\t<\/div>\n\t\t\t\t\t<\/div>\n\t\t<\/div>\n\t\t\t\t<div class=\"elementor-column elementor-col-33 elementor-top-column elementor-element elementor-element-8930249\" data-id=\"8930249\" data-element_type=\"column\" data-e-type=\"column\">\n\t\t\t<div class=\"elementor-widget-wrap elementor-element-populated\">\n\t\t\t\t\t\t<div class=\"elementor-element elementor-element-bf5f8d9 elementor-align-center elementor-widget elementor-widget-button\" data-id=\"bf5f8d9\" data-element_type=\"widget\" data-e-type=\"widget\" data-widget_type=\"button.default\">\n\t\t\t\t<div class=\"elementor-widget-container\">\n\t\t\t\t\t\t\t\t\t<div class=\"elementor-button-wrapper\">\n\t\t\t\t\t<a class=\"elementor-button elementor-button-link elementor-size-sm\" href=\"\/floating\">\n\t\t\t\t\t\t<span class=\"elementor-button-content-wrapper\">\n\t\t\t\t\t\t\t\t\t<span class=\"elementor-button-text\">Wr\u00f3\u0107 do strony Floating<\/span>\n\t\t\t\t\t<\/span>\n\t\t\t\t\t<\/a>\n\t\t\t\t<\/div>\n\t\t\t\t\t\t\t\t<\/div>\n\t\t\t\t<\/div>\n\t\t\t\t\t<\/div>\n\t\t<\/div>\n\t\t\t\t<div class=\"elementor-column elementor-col-33 elementor-top-column elementor-element elementor-element-cf426ff\" data-id=\"cf426ff\" data-element_type=\"column\" data-e-type=\"column\">\n\t\t\t<div class=\"elementor-widget-wrap elementor-element-populated\">\n\t\t\t\t\t\t<div class=\"elementor-element elementor-element-fe55cd1 elementor-align-right elementor-widget elementor-widget-button\" data-id=\"fe55cd1\" data-element_type=\"widget\" data-e-type=\"widget\" data-widget_type=\"button.default\">\n\t\t\t\t<div class=\"elementor-widget-container\">\n\t\t\t\t\t\t\t\t\t<div class=\"elementor-button-wrapper\">\n\t\t\t\t\t<a class=\"elementor-button elementor-button-link elementor-size-sm\" href=\"\/floating\/przeciwwskazania\/\">\n\t\t\t\t\t\t<span class=\"elementor-button-content-wrapper\">\n\t\t\t\t\t\t<span class=\"elementor-button-icon\">\n\t\t\t\t<i aria-hidden=\"true\" class=\"fas fa-long-arrow-alt-right\"><\/i>\t\t\t<\/span>\n\t\t\t\t\t\t\t\t\t<span class=\"elementor-button-text\">Czytaj dalej<\/span>\n\t\t\t\t\t<\/span>\n\t\t\t\t\t<\/a>\n\t\t\t\t<\/div>\n\t\t\t\t\t\t\t\t<\/div>\n\t\t\t\t<\/div>\n\t\t\t\t\t<\/div>\n\t\t<\/div>\n\t\t\t\t\t<\/div>\n\t\t<\/section>\n\t\t\t\t<\/div>\n\t\t","protected":false},"excerpt":{"rendered":"<p>Floating to swobodne unoszenie si\u0119 cia\u0142a na powierzchni wody w specjalistycznej kabinie lub kapsule.Woda ma jedynie 30 cm g\u0142\u0119boko\u015bci i zawiera leczniczy roztw\u00f3r soli Epsom. Wyj\u0105tkowa wyporno\u015b\u0107, temperatura roztworu i powietrza to\u017csama z temperatur\u0105 cia\u0142a, wywo\u0142uje silne wra\u017cenie lewitacji \u2013 poczucie unoszenia si\u0119 w powietrzu. Znikaj\u0105 obrazy, d\u017awi\u0119ki, dotyk, nie odczuwamy si\u0142y grawitacji. Cia\u0142o dryfuje &#8230; <a title=\"Jak przebiega zabieg?\" class=\"read-more\" href=\"https:\/\/masaztajskibanino.pl\/en\/floating\/jak-przebiega-zabieg\/\" aria-label=\"Read more about Jak przebiega zabieg?\">Read more<\/a><\/p>","protected":false},"author":2,"featured_media":0,"parent":5563,"menu_order":0,"comment_status":"closed","ping_status":"closed","template":"","meta":{"footnotes":""},"class_list":["post-5573","page","type-page","status-publish"],"aioseo_notices":[],"_links":{"self":[{"href":"https:\/\/masaztajskibanino.pl\/en\/wp-json\/wp\/v2\/pages\/5573","targetHints":{"allow":["GET"]}}],"collection":[{"href":"https:\/\/masaztajskibanino.pl\/en\/wp-json\/wp\/v2\/pages"}],"about":[{"href":"https:\/\/masaztajskibanino.pl\/en\/wp-json\/wp\/v2\/types\/page"}],"author":[{"embeddable":true,"href":"https:\/\/masaztajskibanino.pl\/en\/wp-json\/wp\/v2\/users\/2"}],"replies":[{"embeddable":true,"href":"https:\/\/masaztajskibanino.pl\/en\/wp-json\/wp\/v2\/comments?post=5573"}],"version-history":[{"count":0,"href":"https:\/\/masaztajskibanino.pl\/en\/wp-json\/wp\/v2\/pages\/5573\/revisions"}],"up":[{"embeddable":true,"href":"https:\/\/masaztajskibanino.pl\/en\/wp-json\/wp\/v2\/pages\/5563"}],"wp:attachment":[{"href":"https:\/\/masaztajskibanino.pl\/en\/wp-json\/wp\/v2\/media?parent=5573"}],"curies":[{"name":"wp","href":"https:\/\/api.w.org\/{rel}","templated":true}]}}