{"id":5419,"date":"2022-06-02T09:28:54","date_gmt":"2022-06-02T07:28:54","guid":{"rendered":"https:\/\/masaztajskibanino.pl\/?page_id=5419"},"modified":"2022-06-03T14:32:27","modified_gmt":"2022-06-03T12:32:27","slug":"przeciwwskazania","status":"publish","type":"page","link":"https:\/\/masaztajskibanino.pl\/en\/sauna-ganbanyoku\/przeciwwskazania\/","title":{"rendered":"Przeciwwskazania"},"content":{"rendered":"\t\t<div data-elementor-type=\"wp-page\" data-elementor-id=\"5419\" class=\"elementor elementor-5419\" data-elementor-post-type=\"page\">\n\t\t\t\t\t\t<section class=\"elementor-section elementor-top-section elementor-element elementor-element-76dc28a elementor-section-boxed elementor-section-height-default elementor-section-height-default\" data-id=\"76dc28a\" data-element_type=\"section\" data-e-type=\"section\" data-settings=\"{&quot;jet_parallax_layout_list&quot;:[{&quot;jet_parallax_layout_image&quot;:{&quot;url&quot;:&quot;&quot;,&quot;id&quot;:&quot;&quot;,&quot;size&quot;:&quot;&quot;},&quot;_id&quot;:&quot;251d0c7&quot;,&quot;jet_parallax_layout_image_tablet&quot;:{&quot;url&quot;:&quot;&quot;,&quot;id&quot;:&quot;&quot;,&quot;size&quot;:&quot;&quot;},&quot;jet_parallax_layout_image_mobile&quot;:{&quot;url&quot;:&quot;&quot;,&quot;id&quot;:&quot;&quot;,&quot;size&quot;:&quot;&quot;},&quot;jet_parallax_layout_speed&quot;:{&quot;unit&quot;:&quot;%&quot;,&quot;size&quot;:50,&quot;sizes&quot;:[]},&quot;jet_parallax_layout_type&quot;:&quot;scroll&quot;,&quot;jet_parallax_layout_direction&quot;:&quot;1&quot;,&quot;jet_parallax_layout_fx_direction&quot;:null,&quot;jet_parallax_layout_z_index&quot;:&quot;&quot;,&quot;jet_parallax_layout_bg_x&quot;:50,&quot;jet_parallax_layout_bg_x_tablet&quot;:&quot;&quot;,&quot;jet_parallax_layout_bg_x_mobile&quot;:&quot;&quot;,&quot;jet_parallax_layout_bg_y&quot;:50,&quot;jet_parallax_layout_bg_y_tablet&quot;:&quot;&quot;,&quot;jet_parallax_layout_bg_y_mobile&quot;:&quot;&quot;,&quot;jet_parallax_layout_bg_size&quot;:&quot;auto&quot;,&quot;jet_parallax_layout_bg_size_tablet&quot;:&quot;&quot;,&quot;jet_parallax_layout_bg_size_mobile&quot;:&quot;&quot;,&quot;jet_parallax_layout_animation_prop&quot;:&quot;transform&quot;,&quot;jet_parallax_layout_on&quot;:[&quot;desktop&quot;,&quot;tablet&quot;]}]}\">\n\t\t\t\t\t\t<div class=\"elementor-container elementor-column-gap-default\">\n\t\t\t\t\t<div class=\"elementor-column elementor-col-100 elementor-top-column elementor-element elementor-element-723c609\" data-id=\"723c609\" data-element_type=\"column\" data-e-type=\"column\">\n\t\t\t<div class=\"elementor-widget-wrap elementor-element-populated\">\n\t\t\t\t\t\t<div class=\"elementor-element elementor-element-9e68119 elementor-widget elementor-widget-heading\" data-id=\"9e68119\" data-element_type=\"widget\" data-e-type=\"widget\" data-widget_type=\"heading.default\">\n\t\t\t\t<div class=\"elementor-widget-container\">\n\t\t\t\t\t<h1 class=\"elementor-heading-title elementor-size-default\">Przeciwwskazania<\/h1>\t\t\t\t<\/div>\n\t\t\t\t<\/div>\n\t\t\t\t<div class=\"elementor-element elementor-element-09ec42b elementor-widget elementor-widget-image\" data-id=\"09ec42b\" data-element_type=\"widget\" data-e-type=\"widget\" data-widget_type=\"image.default\">\n\t\t\t\t<div class=\"elementor-widget-container\">\n\t\t\t\t\t\t\t\t\t\t\t\t\t\t\t<img fetchpriority=\"high\" decoding=\"async\" width=\"1024\" height=\"488\" src=\"https:\/\/masaztajskibanino.pl\/wp-content\/uploads\/2022\/04\/Sauna-Gambanyoku-2-1024x488.jpg\" class=\"attachment-large size-large wp-image-5243\" alt=\"Sauna Gambanyoku\" srcset=\"https:\/\/masaztajskibanino.pl\/wp-content\/uploads\/2022\/04\/Sauna-Gambanyoku-2-1024x488.jpg 1024w, https:\/\/masaztajskibanino.pl\/wp-content\/uploads\/2022\/04\/Sauna-Gambanyoku-2-300x143.jpg 300w, https:\/\/masaztajskibanino.pl\/wp-content\/uploads\/2022\/04\/Sauna-Gambanyoku-2-768x366.jpg 768w, https:\/\/masaztajskibanino.pl\/wp-content\/uploads\/2022\/04\/Sauna-Gambanyoku-2-18x9.jpg 18w, https:\/\/masaztajskibanino.pl\/wp-content\/uploads\/2022\/04\/Sauna-Gambanyoku-2-600x286.jpg 600w, https:\/\/masaztajskibanino.pl\/wp-content\/uploads\/2022\/04\/Sauna-Gambanyoku-2.jpg 1140w\" sizes=\"(max-width: 1024px) 100vw, 1024px\" \/>\t\t\t\t\t\t\t\t\t\t\t\t\t\t\t<\/div>\n\t\t\t\t<\/div>\n\t\t\t\t<div class=\"elementor-element elementor-element-0941a44 elementor-widget elementor-widget-text-editor\" data-id=\"0941a44\" data-element_type=\"widget\" data-e-type=\"widget\" data-widget_type=\"text-editor.default\">\n\t\t\t\t<div class=\"elementor-widget-container\">\n\t\t\t\t\t\t\t\t\tW przypadku wszystkich saun przeciwwskazania do ich korzystania s\u0105 podobne i niepodwa\u017calne. Istniej\u0105 jednak rozbie\u017cne opinie w badaniach na temat kobiet w ci\u0105\u017cy. Ganbanyoku nale\u017cy do suchych saun, kt\u00f3re nie s\u0105 obci\u0105\u017caj\u0105ce dla organizmu w takim stopniu jak te o znacznie wy\u017cszym poziomie wilgotno\u015bci. Wydawa\u0107 by si\u0119 mog\u0142o, \u017ce stanowi\u0142yby korzystn\u0105 form\u0119 relaksu i przynios\u0142yby korzy\u015bci zdrowotne przysz\u0142ym mamom. Jednak mimo r\u00f3\u017cnych bada\u0144 lekarze polecaj\u0105 podej\u015b\u0107 do tego z ostro\u017cno\u015bci\u0105 i wybiera\u0107 inne sposoby na odpr\u0119\u017cenie.\nPrzeciwwskazaniem do korzystania z japo\u0144skich saun s\u0105 wszelkie choroby sercowo-naczyniowe, podwy\u017cszona temperatura cia\u0142a (stan podgor\u0105czkowy lub gor\u0105czka), a tak\u017ce zaburzenia w wydzielaniu potu. R\u00f3wnie\u017c kobiety w okresie menstruacyjnym powinny wstrzyma\u0107 si\u0119 z do\u015bwiadczania dobrodziejstw tych miejsc, poniewa\u017c ciep\u0142o kamieni mo\u017ce nasili\u0107 krwawienie miesi\u0105czkowe. Ganbanyoku nie jest wskazane tak\u017ce dla os\u00f3b z nadwra\u017cliwo\u015bci\u0105 na wy\u017csze temperatury, cierpi\u0105ce na hemofili\u0119 i w stanach po spo\u017cyciu alkoholu.\n\t\t\t\t\t\t\t\t<\/div>\n\t\t\t\t<\/div>\n\t\t\t\t\t<\/div>\n\t\t<\/div>\n\t\t\t\t\t<\/div>\n\t\t<\/section>\n\t\t\t\t<section class=\"elementor-section elementor-top-section elementor-element elementor-element-b07e12f elementor-section-boxed elementor-section-height-default elementor-section-height-default\" data-id=\"b07e12f\" data-element_type=\"section\" data-e-type=\"section\" data-settings=\"{&quot;jet_parallax_layout_list&quot;:[{&quot;jet_parallax_layout_image&quot;:{&quot;url&quot;:&quot;&quot;,&quot;id&quot;:&quot;&quot;,&quot;size&quot;:&quot;&quot;},&quot;_id&quot;:&quot;6ce9414&quot;,&quot;jet_parallax_layout_image_tablet&quot;:{&quot;url&quot;:&quot;&quot;,&quot;id&quot;:&quot;&quot;,&quot;size&quot;:&quot;&quot;},&quot;jet_parallax_layout_image_mobile&quot;:{&quot;url&quot;:&quot;&quot;,&quot;id&quot;:&quot;&quot;,&quot;size&quot;:&quot;&quot;},&quot;jet_parallax_layout_speed&quot;:{&quot;unit&quot;:&quot;%&quot;,&quot;size&quot;:50,&quot;sizes&quot;:[]},&quot;jet_parallax_layout_type&quot;:&quot;scroll&quot;,&quot;jet_parallax_layout_direction&quot;:&quot;1&quot;,&quot;jet_parallax_layout_fx_direction&quot;:null,&quot;jet_parallax_layout_z_index&quot;:&quot;&quot;,&quot;jet_parallax_layout_bg_x&quot;:50,&quot;jet_parallax_layout_bg_x_tablet&quot;:&quot;&quot;,&quot;jet_parallax_layout_bg_x_mobile&quot;:&quot;&quot;,&quot;jet_parallax_layout_bg_y&quot;:50,&quot;jet_parallax_layout_bg_y_tablet&quot;:&quot;&quot;,&quot;jet_parallax_layout_bg_y_mobile&quot;:&quot;&quot;,&quot;jet_parallax_layout_bg_size&quot;:&quot;auto&quot;,&quot;jet_parallax_layout_bg_size_tablet&quot;:&quot;&quot;,&quot;jet_parallax_layout_bg_size_mobile&quot;:&quot;&quot;,&quot;jet_parallax_layout_animation_prop&quot;:&quot;transform&quot;,&quot;jet_parallax_layout_on&quot;:[&quot;desktop&quot;,&quot;tablet&quot;]}]}\">\n\t\t\t\t\t\t<div class=\"elementor-container elementor-column-gap-default\">\n\t\t\t\t\t<div class=\"elementor-column elementor-col-50 elementor-top-column elementor-element elementor-element-f8478b1\" data-id=\"f8478b1\" data-element_type=\"column\" data-e-type=\"column\">\n\t\t\t<div class=\"elementor-widget-wrap elementor-element-populated\">\n\t\t\t\t\t\t<div class=\"elementor-element elementor-element-e8184f4 elementor-widget elementor-widget-button\" data-id=\"e8184f4\" data-element_type=\"widget\" data-e-type=\"widget\" data-widget_type=\"button.default\">\n\t\t\t\t<div class=\"elementor-widget-container\">\n\t\t\t\t\t\t\t\t\t<div class=\"elementor-button-wrapper\">\n\t\t\t\t\t<a class=\"elementor-button elementor-button-link elementor-size-sm\" href=\"https:\/\/masaztajskibanino.pl\/en\/\">\n\t\t\t\t\t\t<span class=\"elementor-button-content-wrapper\">\n\t\t\t\t\t\t<span class=\"elementor-button-icon\">\n\t\t\t\t<i aria-hidden=\"true\" class=\"fas fa-long-arrow-alt-left\"><\/i>\t\t\t<\/span>\n\t\t\t\t\t\t\t\t\t<span class=\"elementor-button-text\">Wr\u00f3\u0107 do strony g\u0142\u00f3wnej <\/span>\n\t\t\t\t\t<\/span>\n\t\t\t\t\t<\/a>\n\t\t\t\t<\/div>\n\t\t\t\t\t\t\t\t<\/div>\n\t\t\t\t<\/div>\n\t\t\t\t\t<\/div>\n\t\t<\/div>\n\t\t\t\t<div class=\"elementor-column elementor-col-50 elementor-top-column elementor-element elementor-element-04cfc42\" data-id=\"04cfc42\" data-element_type=\"column\" data-e-type=\"column\">\n\t\t\t<div class=\"elementor-widget-wrap elementor-element-populated\">\n\t\t\t\t\t\t<div class=\"elementor-element elementor-element-2e1f7f8 elementor-align-right elementor-widget elementor-widget-button\" data-id=\"2e1f7f8\" data-element_type=\"widget\" data-e-type=\"widget\" data-widget_type=\"button.default\">\n\t\t\t\t<div class=\"elementor-widget-container\">\n\t\t\t\t\t\t\t\t\t<div class=\"elementor-button-wrapper\">\n\t\t\t\t\t<a class=\"elementor-button elementor-button-link elementor-size-sm\" href=\"\/sauna-ganbanyoku\/\">\n\t\t\t\t\t\t<span class=\"elementor-button-content-wrapper\">\n\t\t\t\t\t\t<span class=\"elementor-button-icon\">\n\t\t\t\t<i aria-hidden=\"true\" class=\"fas fa-long-arrow-alt-right\"><\/i>\t\t\t<\/span>\n\t\t\t\t\t\t\t\t\t<span class=\"elementor-button-text\">Wr\u00f3\u0107 do strony Sauna Ganbanyoku<\/span>\n\t\t\t\t\t<\/span>\n\t\t\t\t\t<\/a>\n\t\t\t\t<\/div>\n\t\t\t\t\t\t\t\t<\/div>\n\t\t\t\t<\/div>\n\t\t\t\t\t<\/div>\n\t\t<\/div>\n\t\t\t\t\t<\/div>\n\t\t<\/section>\n\t\t\t\t<\/div>\n\t\t","protected":false},"excerpt":{"rendered":"<p>W przypadku wszystkich saun przeciwwskazania do ich korzystania s\u0105 podobne i niepodwa\u017calne. Istniej\u0105 jednak rozbie\u017cne opinie w badaniach na temat kobiet w ci\u0105\u017cy. Ganbanyoku nale\u017cy do suchych saun, kt\u00f3re nie s\u0105 obci\u0105\u017caj\u0105ce dla organizmu w takim stopniu jak te o znacznie wy\u017cszym poziomie wilgotno\u015bci. Wydawa\u0107 by si\u0119 mog\u0142o, \u017ce stanowi\u0142yby korzystn\u0105 form\u0119 relaksu i przynios\u0142yby &#8230; <a title=\"Przeciwwskazania\" class=\"read-more\" href=\"https:\/\/masaztajskibanino.pl\/en\/sauna-ganbanyoku\/przeciwwskazania\/\" aria-label=\"Read more about Przeciwwskazania\">Read more<\/a><\/p>","protected":false},"author":2,"featured_media":0,"parent":5226,"menu_order":0,"comment_status":"closed","ping_status":"closed","template":"","meta":{"footnotes":""},"class_list":["post-5419","page","type-page","status-publish"],"aioseo_notices":[],"_links":{"self":[{"href":"https:\/\/masaztajskibanino.pl\/en\/wp-json\/wp\/v2\/pages\/5419","targetHints":{"allow":["GET"]}}],"collection":[{"href":"https:\/\/masaztajskibanino.pl\/en\/wp-json\/wp\/v2\/pages"}],"about":[{"href":"https:\/\/masaztajskibanino.pl\/en\/wp-json\/wp\/v2\/types\/page"}],"author":[{"embeddable":true,"href":"https:\/\/masaztajskibanino.pl\/en\/wp-json\/wp\/v2\/users\/2"}],"replies":[{"embeddable":true,"href":"https:\/\/masaztajskibanino.pl\/en\/wp-json\/wp\/v2\/comments?post=5419"}],"version-history":[{"count":0,"href":"https:\/\/masaztajskibanino.pl\/en\/wp-json\/wp\/v2\/pages\/5419\/revisions"}],"up":[{"embeddable":true,"href":"https:\/\/masaztajskibanino.pl\/en\/wp-json\/wp\/v2\/pages\/5226"}],"wp:attachment":[{"href":"https:\/\/masaztajskibanino.pl\/en\/wp-json\/wp\/v2\/media?parent=5419"}],"curies":[{"name":"wp","href":"https:\/\/api.w.org\/{rel}","templated":true}]}}