{"id":5399,"date":"2022-06-02T09:05:05","date_gmt":"2022-06-02T07:05:05","guid":{"rendered":"https:\/\/masaztajskibanino.pl\/?page_id=5399"},"modified":"2023-10-27T15:26:51","modified_gmt":"2023-10-27T13:26:51","slug":"co-to-jest-sauna-ganbanyoku","status":"publish","type":"page","link":"https:\/\/masaztajskibanino.pl\/en\/sauna-ganbanyoku\/co-to-jest-sauna-ganbanyoku\/","title":{"rendered":"Co to jest Sauna Ganbanyoku?"},"content":{"rendered":"<div data-elementor-type=\"wp-page\" data-elementor-id=\"5399\" class=\"elementor elementor-5399\" data-elementor-post-type=\"page\">\n\t\t\t\t\t\t<section class=\"elementor-section elementor-top-section elementor-element elementor-element-e812618 elementor-section-boxed elementor-section-height-default elementor-section-height-default\" data-id=\"e812618\" data-element_type=\"section\" data-e-type=\"section\" data-settings=\"{&quot;jet_parallax_layout_list&quot;:[{&quot;jet_parallax_layout_image&quot;:{&quot;url&quot;:&quot;&quot;,&quot;id&quot;:&quot;&quot;,&quot;size&quot;:&quot;&quot;},&quot;_id&quot;:&quot;251d0c7&quot;,&quot;jet_parallax_layout_image_tablet&quot;:{&quot;url&quot;:&quot;&quot;,&quot;id&quot;:&quot;&quot;,&quot;size&quot;:&quot;&quot;},&quot;jet_parallax_layout_image_mobile&quot;:{&quot;url&quot;:&quot;&quot;,&quot;id&quot;:&quot;&quot;,&quot;size&quot;:&quot;&quot;},&quot;jet_parallax_layout_speed&quot;:{&quot;unit&quot;:&quot;%&quot;,&quot;size&quot;:50,&quot;sizes&quot;:[]},&quot;jet_parallax_layout_type&quot;:&quot;scroll&quot;,&quot;jet_parallax_layout_direction&quot;:&quot;1&quot;,&quot;jet_parallax_layout_fx_direction&quot;:null,&quot;jet_parallax_layout_z_index&quot;:&quot;&quot;,&quot;jet_parallax_layout_bg_x&quot;:50,&quot;jet_parallax_layout_bg_x_tablet&quot;:&quot;&quot;,&quot;jet_parallax_layout_bg_x_mobile&quot;:&quot;&quot;,&quot;jet_parallax_layout_bg_y&quot;:50,&quot;jet_parallax_layout_bg_y_tablet&quot;:&quot;&quot;,&quot;jet_parallax_layout_bg_y_mobile&quot;:&quot;&quot;,&quot;jet_parallax_layout_bg_size&quot;:&quot;auto&quot;,&quot;jet_parallax_layout_bg_size_tablet&quot;:&quot;&quot;,&quot;jet_parallax_layout_bg_size_mobile&quot;:&quot;&quot;,&quot;jet_parallax_layout_animation_prop&quot;:&quot;transform&quot;,&quot;jet_parallax_layout_on&quot;:[&quot;desktop&quot;,&quot;tablet&quot;]}]}\">\n\t\t\t\t\t\t<div class=\"elementor-container elementor-column-gap-default\">\n\t\t\t\t\t<div class=\"elementor-column elementor-col-100 elementor-top-column elementor-element elementor-element-7eac4b6\" data-id=\"7eac4b6\" data-element_type=\"column\" data-e-type=\"column\">\n\t\t\t<div class=\"elementor-widget-wrap elementor-element-populated\">\n\t\t\t\t\t\t<div class=\"elementor-element elementor-element-7ddf687 elementor-widget elementor-widget-heading\" data-id=\"7ddf687\" data-element_type=\"widget\" data-e-type=\"widget\" data-widget_type=\"heading.default\">\n\t\t\t\t<div class=\"elementor-widget-container\">\n\t\t\t\t\t<h1 class=\"elementor-heading-title elementor-size-default\">Co to jest Sauna Ganbanyoku?<\/h1>\t\t\t\t<\/div>\n\t\t\t\t<\/div>\n\t\t\t\t<div class=\"elementor-element elementor-element-ba79513 elementor-widget elementor-widget-image\" data-id=\"ba79513\" data-element_type=\"widget\" data-e-type=\"widget\" data-widget_type=\"image.default\">\n\t\t\t\t<div class=\"elementor-widget-container\">\n\t\t\t\t\t\t\t\t\t\t\t\t\t\t\t<img fetchpriority=\"high\" decoding=\"async\" width=\"1024\" height=\"488\" src=\"https:\/\/masaztajskibanino.pl\/wp-content\/uploads\/2022\/04\/Sauna-Gambanyoku-2-1024x488.jpg\" class=\"attachment-large size-large wp-image-5243\" alt=\"Sauna Gambanyoku\" srcset=\"https:\/\/masaztajskibanino.pl\/wp-content\/uploads\/2022\/04\/Sauna-Gambanyoku-2-1024x488.jpg 1024w, https:\/\/masaztajskibanino.pl\/wp-content\/uploads\/2022\/04\/Sauna-Gambanyoku-2-300x143.jpg 300w, https:\/\/masaztajskibanino.pl\/wp-content\/uploads\/2022\/04\/Sauna-Gambanyoku-2-768x366.jpg 768w, https:\/\/masaztajskibanino.pl\/wp-content\/uploads\/2022\/04\/Sauna-Gambanyoku-2-18x9.jpg 18w, https:\/\/masaztajskibanino.pl\/wp-content\/uploads\/2022\/04\/Sauna-Gambanyoku-2-600x286.jpg 600w, https:\/\/masaztajskibanino.pl\/wp-content\/uploads\/2022\/04\/Sauna-Gambanyoku-2.jpg 1140w\" sizes=\"(max-width: 1024px) 100vw, 1024px\" \/>\t\t\t\t\t\t\t\t\t\t\t\t\t\t\t<\/div>\n\t\t\t\t<\/div>\n\t\t\t\t<div class=\"elementor-element elementor-element-ee1532f elementor-widget elementor-widget-text-editor\" data-id=\"ee1532f\" data-element_type=\"widget\" data-e-type=\"widget\" data-widget_type=\"text-editor.default\">\n\t\t\t\t<div class=\"elementor-widget-container\">\n\t\t\t\t\t\t\t\t\t<p style=\"text-align: center;\"><span style=\"color: #ff0000;\"><strong>Us\u0142uga Ponownie Dost\u0119pna<\/strong><\/span><\/p><p>Ganbanyoku to japo\u0144skie okre\u015blenie sauny skalnej, kt\u00f3ra od ponad 1000 lat wykorzystuje fenomenalne dzia\u0142anie minera\u0142\u00f3w wulkanicznych w zwalczaniu wielu dolegliwo\u015bci zdrowotnych. Wed\u0142ug specjalist\u00f3w bran\u017cy Wellness &amp; Spa, Ganbanyoku to jeden z pi\u0119ciu najciekawszych zabieg\u00f3w medycyny holistycznej na \u015bwiecie. Ganbanyoku to unikalna sauna wulkaniczna o wspania\u0142ych w\u0142a\u015bciwo\u015bciach odm\u0142adzaj\u0105cych i regeneracyjnych. Wyj\u0105tkowo\u015b\u0107 polega na zastosowaniu oryginalnych p\u0142yt ska\u0142y magmowej czarnej krzemionki z ang. Black Silica, bogatej w kryszta\u0142y minera\u0142\u00f3w, kt\u00f3re rozgrzane do komfortowej temp. 40-42\u00b0C maj\u0105 zdolno\u015b\u0107 emitowania leczniczego promieniowania podczerwonego tzw. g\u0142\u0119bokiej podczerwieni &#8211; g\u0142\u0119bokiego ciep\u0142a. Poprzez bezpo\u015bredni kontakt ze sk\u00f3r\u0105, minera\u0142 wulkaniczny przekazuje organizmowi promienie regeneracyjne i lecznicze trzykrotnie szybciej i skuteczniej ni\u017c klasyczne sauny. Promieniowanie sauny przenika na 3-5 cm w g\u0142\u0105b cia\u0142a pobudzaj\u0105c i aktywuj\u0105c wiele przemian na poziomie kom\u00f3rkowym. Takiego dzia\u0142ania terapeutycznego nie posiada \u017cadna inna sauna na \u015bwiecie.<\/p>\t\t\t\t\t\t\t\t<\/div>\n\t\t\t\t<\/div>\n\t\t\t\t\t<\/div>\n\t\t<\/div>\n\t\t\t\t\t<\/div>\n\t\t<\/section>\n\t\t\t\t<section class=\"elementor-section elementor-top-section elementor-element elementor-element-74f277a elementor-section-boxed elementor-section-height-default elementor-section-height-default\" data-id=\"74f277a\" data-element_type=\"section\" data-e-type=\"section\" data-settings=\"{&quot;jet_parallax_layout_list&quot;:[{&quot;jet_parallax_layout_image&quot;:{&quot;url&quot;:&quot;&quot;,&quot;id&quot;:&quot;&quot;,&quot;size&quot;:&quot;&quot;},&quot;_id&quot;:&quot;6ce9414&quot;,&quot;jet_parallax_layout_image_tablet&quot;:{&quot;url&quot;:&quot;&quot;,&quot;id&quot;:&quot;&quot;,&quot;size&quot;:&quot;&quot;},&quot;jet_parallax_layout_image_mobile&quot;:{&quot;url&quot;:&quot;&quot;,&quot;id&quot;:&quot;&quot;,&quot;size&quot;:&quot;&quot;},&quot;jet_parallax_layout_speed&quot;:{&quot;unit&quot;:&quot;%&quot;,&quot;size&quot;:50,&quot;sizes&quot;:[]},&quot;jet_parallax_layout_type&quot;:&quot;scroll&quot;,&quot;jet_parallax_layout_direction&quot;:&quot;1&quot;,&quot;jet_parallax_layout_fx_direction&quot;:null,&quot;jet_parallax_layout_z_index&quot;:&quot;&quot;,&quot;jet_parallax_layout_bg_x&quot;:50,&quot;jet_parallax_layout_bg_x_tablet&quot;:&quot;&quot;,&quot;jet_parallax_layout_bg_x_mobile&quot;:&quot;&quot;,&quot;jet_parallax_layout_bg_y&quot;:50,&quot;jet_parallax_layout_bg_y_tablet&quot;:&quot;&quot;,&quot;jet_parallax_layout_bg_y_mobile&quot;:&quot;&quot;,&quot;jet_parallax_layout_bg_size&quot;:&quot;auto&quot;,&quot;jet_parallax_layout_bg_size_tablet&quot;:&quot;&quot;,&quot;jet_parallax_layout_bg_size_mobile&quot;:&quot;&quot;,&quot;jet_parallax_layout_animation_prop&quot;:&quot;transform&quot;,&quot;jet_parallax_layout_on&quot;:[&quot;desktop&quot;,&quot;tablet&quot;]}]}\">\n\t\t\t\t\t\t<div class=\"elementor-container elementor-column-gap-default\">\n\t\t\t\t\t<div class=\"elementor-column elementor-col-33 elementor-top-column elementor-element elementor-element-cfa0b5a\" data-id=\"cfa0b5a\" data-element_type=\"column\" data-e-type=\"column\">\n\t\t\t<div class=\"elementor-widget-wrap elementor-element-populated\">\n\t\t\t\t\t\t<div class=\"elementor-element elementor-element-7b5e910 elementor-widget elementor-widget-button\" data-id=\"7b5e910\" data-element_type=\"widget\" data-e-type=\"widget\" data-widget_type=\"button.default\">\n\t\t\t\t<div class=\"elementor-widget-container\">\n\t\t\t\t\t\t\t\t\t<div class=\"elementor-button-wrapper\">\n\t\t\t\t\t<a class=\"elementor-button elementor-button-link elementor-size-sm\" href=\"https:\/\/masaztajskibanino.pl\/en\/\">\n\t\t\t\t\t\t<span class=\"elementor-button-content-wrapper\">\n\t\t\t\t\t\t<span class=\"elementor-button-icon\">\n\t\t\t\t<i aria-hidden=\"true\" class=\"fas fa-long-arrow-alt-left\"><\/i>\t\t\t<\/span>\n\t\t\t\t\t\t\t\t\t<span class=\"elementor-button-text\">Wr\u00f3\u0107 do strony g\u0142\u00f3wnej <\/span>\n\t\t\t\t\t<\/span>\n\t\t\t\t\t<\/a>\n\t\t\t\t<\/div>\n\t\t\t\t\t\t\t\t<\/div>\n\t\t\t\t<\/div>\n\t\t\t\t\t<\/div>\n\t\t<\/div>\n\t\t\t\t<div class=\"elementor-column elementor-col-33 elementor-top-column elementor-element elementor-element-3880233\" data-id=\"3880233\" data-element_type=\"column\" data-e-type=\"column\">\n\t\t\t<div class=\"elementor-widget-wrap elementor-element-populated\">\n\t\t\t\t\t\t<div class=\"elementor-element elementor-element-6529998 elementor-align-center elementor-widget elementor-widget-button\" data-id=\"6529998\" data-element_type=\"widget\" data-e-type=\"widget\" data-widget_type=\"button.default\">\n\t\t\t\t<div class=\"elementor-widget-container\">\n\t\t\t\t\t\t\t\t\t<div class=\"elementor-button-wrapper\">\n\t\t\t\t\t<a class=\"elementor-button elementor-button-link elementor-size-sm\" href=\"\/en\/sauna-ganbanyoku\/\">\n\t\t\t\t\t\t<span class=\"elementor-button-content-wrapper\">\n\t\t\t\t\t\t\t\t\t<span class=\"elementor-button-text\">Wr\u00f3\u0107 do strony Sauna Ganbanyoku<\/span>\n\t\t\t\t\t<\/span>\n\t\t\t\t\t<\/a>\n\t\t\t\t<\/div>\n\t\t\t\t\t\t\t\t<\/div>\n\t\t\t\t<\/div>\n\t\t\t\t\t<\/div>\n\t\t<\/div>\n\t\t\t\t<div class=\"elementor-column elementor-col-33 elementor-top-column elementor-element elementor-element-1b0221d\" data-id=\"1b0221d\" data-element_type=\"column\" data-e-type=\"column\">\n\t\t\t<div class=\"elementor-widget-wrap elementor-element-populated\">\n\t\t\t\t\t\t<div class=\"elementor-element elementor-element-3141dd7 elementor-align-right elementor-widget elementor-widget-button\" data-id=\"3141dd7\" data-element_type=\"widget\" data-e-type=\"widget\" data-widget_type=\"button.default\">\n\t\t\t\t<div class=\"elementor-widget-container\">\n\t\t\t\t\t\t\t\t\t<div class=\"elementor-button-wrapper\">\n\t\t\t\t\t<a class=\"elementor-button elementor-button-link elementor-size-sm\" href=\"\/en\/sauna-ganbanyoku\/zalety-i-korzysci-sauny-ganbanyoku\/\">\n\t\t\t\t\t\t<span class=\"elementor-button-content-wrapper\">\n\t\t\t\t\t\t<span class=\"elementor-button-icon\">\n\t\t\t\t<i aria-hidden=\"true\" class=\"fas fa-long-arrow-alt-right\"><\/i>\t\t\t<\/span>\n\t\t\t\t\t\t\t\t\t<span class=\"elementor-button-text\">Czytaj dalej<\/span>\n\t\t\t\t\t<\/span>\n\t\t\t\t\t<\/a>\n\t\t\t\t<\/div>\n\t\t\t\t\t\t\t\t<\/div>\n\t\t\t\t<\/div>\n\t\t\t\t\t<\/div>\n\t\t<\/div>\n\t\t\t\t\t<\/div>\n\t\t<\/section>\n\t\t\t\t<\/div>","protected":false},"excerpt":{"rendered":"<p>Us\u0142uga Ponownie Dost\u0119pna Ganbanyoku to japo\u0144skie okre\u015blenie sauny skalnej, kt\u00f3ra od ponad 1000 lat wykorzystuje fenomenalne dzia\u0142anie minera\u0142\u00f3w wulkanicznych w zwalczaniu wielu dolegliwo\u015bci zdrowotnych. Wed\u0142ug specjalist\u00f3w bran\u017cy Wellness &amp; Spa, Ganbanyoku to jeden z pi\u0119ciu najciekawszych zabieg\u00f3w medycyny holistycznej na \u015bwiecie. Ganbanyoku to unikalna sauna wulkaniczna o wspania\u0142ych w\u0142a\u015bciwo\u015bciach odm\u0142adzaj\u0105cych i regeneracyjnych. Wyj\u0105tkowo\u015b\u0107 polega na &#8230; <a title=\"Co to jest Sauna Ganbanyoku?\" class=\"read-more\" href=\"https:\/\/masaztajskibanino.pl\/en\/sauna-ganbanyoku\/co-to-jest-sauna-ganbanyoku\/\" aria-label=\"Read more about Co to jest Sauna Ganbanyoku?\">Read more<\/a><\/p>","protected":false},"author":2,"featured_media":0,"parent":5226,"menu_order":0,"comment_status":"closed","ping_status":"closed","template":"","meta":{"footnotes":""},"class_list":["post-5399","page","type-page","status-publish"],"aioseo_notices":[],"_links":{"self":[{"href":"https:\/\/masaztajskibanino.pl\/en\/wp-json\/wp\/v2\/pages\/5399","targetHints":{"allow":["GET"]}}],"collection":[{"href":"https:\/\/masaztajskibanino.pl\/en\/wp-json\/wp\/v2\/pages"}],"about":[{"href":"https:\/\/masaztajskibanino.pl\/en\/wp-json\/wp\/v2\/types\/page"}],"author":[{"embeddable":true,"href":"https:\/\/masaztajskibanino.pl\/en\/wp-json\/wp\/v2\/users\/2"}],"replies":[{"embeddable":true,"href":"https:\/\/masaztajskibanino.pl\/en\/wp-json\/wp\/v2\/comments?post=5399"}],"version-history":[{"count":0,"href":"https:\/\/masaztajskibanino.pl\/en\/wp-json\/wp\/v2\/pages\/5399\/revisions"}],"up":[{"embeddable":true,"href":"https:\/\/masaztajskibanino.pl\/en\/wp-json\/wp\/v2\/pages\/5226"}],"wp:attachment":[{"href":"https:\/\/masaztajskibanino.pl\/en\/wp-json\/wp\/v2\/media?parent=5399"}],"curies":[{"name":"wp","href":"https:\/\/api.w.org\/{rel}","templated":true}]}}