{"id":507,"date":"2019-03-11T13:57:43","date_gmt":"2019-03-11T12:57:43","guid":{"rendered":"https:\/\/www.thai-land.pl\/?page_id=507"},"modified":"2020-09-24T08:20:34","modified_gmt":"2020-09-24T06:20:34","slug":"polityka-prywatnosci-i-plikow-cookies","status":"publish","type":"page","link":"https:\/\/masaztajskibanino.pl\/en\/polityka-prywatnosci-i-plikow-cookies\/","title":{"rendered":"Privacy policy and cookies"},"content":{"rendered":"<p>Na tej stronie znajduj\u0105 si\u0119 zasady przetwarzania danych osobowych oraz wykorzystywania plik\u00f3w cookies w zwi\u0105zku z korzystaniem ze strony internetowej\u00a0<a href=\"https:\/\/masaztajskibanino.pl\/en\/\">https:\/\/masaztajskibanino.pl<\/a><\/p>\n<p><strong>Podstawa prawna RODO:<\/strong><\/p>\n<p>Zgodnie z art. 13 ust. 1 i ust. 2 rozporz\u0105dzenia Parlamentu Europejskiego i Rady (UE) 2016\/679 z 27 kwietnia 2016 r. w sprawie ochrony os\u00f3b fizycznych w zwi\u0105zku z przetwarzaniem danych osobowych i w sprawie swobodnego przep\u0142ywu takich danych oraz uchylenia dyrektywy 95\/46\/WE (RODO).<\/p>\n<p>Administratorem strony jest TPD TRADE Sp z o.o., ul. Gda\u0144ska 89\/1 w Bydgoszczy<\/p>\n<p>W razie jakichkolwiek w\u0105tpliwo\u015bci zwi\u0105zanych z polityk\u0105 prywatno\u015bci, w ka\u017cdej chwili mo\u017cesz skontaktowa\u0107 si\u0119 z nami, wysy\u0142aj\u0105c wiadomo\u015b\u0107 na adres salon(at)dluga14.pl<\/p>\n<p><strong>Najwa\u017cniejsze informacje:<\/strong><\/p>\n<p>Zasady zwi\u0105zane z ochron\u0105 prywatno\u015bci:<\/p>\n<ul>\n<li>Zak\u0142adaj\u0105c konto u\u017cytkownika za po\u015brednictwem strony, sk\u0142adaj\u0105c zam\u00f3wienie, zapisuj\u0105c si\u0119 do newslettera, sk\u0142adaj\u0105c reklamacj\u0119, odst\u0119puj\u0105c od umowy czy po prostu kontaktuj\u0105c si\u0119 z nami, przekazujesz nam swoje dane osobowe, a my gwarantujemy Ci, \u017ce Twoje dane pozostan\u0105 poufne, bezpieczne i nie zostan\u0105 udost\u0119pnione jakimkolwiek podmiotom trzecim bez Twojej wyra\u017anej zgody.<\/li>\n<li>Korzystamy z narz\u0119dzi analitycznych Google Analytics, kt\u00f3re zbieraj\u0105 informacje na temat Twoich odwiedzin strony, takie jak podstrony, kt\u00f3re wy\u015bwietli\u0142e\u015b, czas, jaki sp\u0119dzi\u0142e\u015b na stronie czy przej\u015bcia pomi\u0119dzy poszczeg\u00f3lnymi podstronami. W tym celu wykorzystywane s\u0105 pliki cookies firmy Google LLC dotycz\u0105ce us\u0142ugi Google Analytics. W ramach mechanizmu do zarz\u0105dzania ustawieniami plik\u00f3w cookies masz mo\u017cliwo\u015b\u0107 zadecydowania, czy w ramach us\u0142ugi Google Analytics b\u0119dziemy mogli korzysta\u0107 r\u00f3wnie\u017c z funkcji marketingowych, czy nie.<\/li>\n<li>Korzystamy z narz\u0119dzi remarketingowych Google AdWords. Wi\u0105\u017ce si\u0119 to z wykorzystywaniem plik\u00f3w cookies firmy Google LLC dotycz\u0105cych us\u0142ugi Google AdWords. W ramach mechanizmu do zarz\u0105dzania ustawieniami plik\u00f3w cookies masz mo\u017cliwo\u015b\u0107 zadecydowania, czy b\u0119dziemy mogli w Twoim przypadku korzysta\u0107 z Google AdWords, czy nie.<\/li>\n<li>Korzystamy z narz\u0119dzi do komunikacji z klientami TAWK.TO, kt\u00f3ra zostawia cookies na Twoim urz\u0105dzeniu, a tak\u017ce zbiera informacje dotycz\u0105ce Twojej aktywno\u015bci, w szczeg\u00f3lno\u015bci numer IP, typ przegl\u0105darki, j\u0119zyk, lokalizacj\u0119, adres naszej strony i dat\u0119 i godzin\u0119 korzystanie z ich us\u0142ug. Rejestruj\u0105c si\u0119 w ramach us\u0142ugi TAWK.TO podajesz temu podmiotowi sw\u00f3j adres e-mail.<\/li>\n<li>Zapewniamy mo\u017cliwo\u015b\u0107 korzystania z funkcji spo\u0142eczno\u015bciowych, takich jak udost\u0119pnianie tre\u015bci w serwisach spo\u0142eczno\u015bciowych oraz subskrypcja profilu spo\u0142eczno\u015bciowego. Korzystanie z tych funkcji wi\u0105\u017ce si\u0119 z wykorzystywaniem plik\u00f3w cookies administrator\u00f3w serwis\u00f3w spo\u0142eczno\u015bciowych takich jak Facebook, Instagram, Twitter, Google+,<\/li>\n<li>Wykorzystujemy pliki cookies w\u0142asne w celu prawid\u0142owego dzia\u0142ania strony.<\/li>\n<\/ul>\n<p><strong>Uprawnienia\u00a0zwi\u0105zane z ochron\u0105 danych osobowych:<\/strong><\/p>\n<p><strong>Administrator Danych Osobowych:<\/strong><\/p>\n<p>Administratorem Twoich danych osobowych w rozumieniu przepis\u00f3w o ochronie danych osobowych jest TPD Trade Sp z o.o., ul. Gda\u0144ska 89\/1 w Bydgoszczy<\/p>\n<p>RODO przyznaje nast\u0119puj\u0105ce potencjalne uprawnienia zwi\u0105zane z przetwarzaniem Twoich danych osobowych:<\/p>\n<ul>\n<li>podane przez Ciebie dane osobowe nie b\u0119d\u0105 udost\u0119pniane innym odbiorcom;<\/li>\n<li>podane przez Ciebie dane osobowe nie b\u0119d\u0105 przekazywane do Pa\u0144stwa trzeciego;<\/li>\n<li>podane przez Ciebie dane osobowe b\u0119d\u0105 przechowywane do czasu cofni\u0119cia zgody;<\/li>\n<li>podanie przez Ciebie danych osobowych jest dobrowolne.<\/li>\n<\/ul>\n<p>Masz:<\/p>\n<ul>\n<li>prawo dost\u0119pu do danych osobowych,<\/li>\n<li>prawo do sprostowania danych osobowych,<\/li>\n<li>prawo do usuni\u0119cia danych osobowych,<\/li>\n<li>prawo do ograniczenia przetwarzania danych osobowych,<\/li>\n<li>prawo do wniesienia sprzeciwu co do przetwarzania danych osobowych,<\/li>\n<li>prawo do przenoszenia danych,<\/li>\n<li>prawo do wniesienia skargi do organu nadzorczego,<\/li>\n<li>prawo do odwo\u0142ania zgody na przetwarzanie danych osobowych, je\u017celi takow\u0105 zgod\u0119 wyrazi\u0142e\u015b.<\/li>\n<\/ul>\n<p>Zasady zwi\u0105zane z realizacj\u0105 wskazanych uprawnie\u0144 zosta\u0142y opisane szczeg\u00f3\u0142owo w art. 16 \u2013 21 RODO. Wskazane powy\u017cej uprawnienia nie s\u0105 bezwzgl\u0119dne i nie b\u0119d\u0105 przys\u0142ugiwa\u0107 Ci w stosunku do wszystkich czynno\u015bci przetwarzania Twoich danych osobowych. Dla Twojej wygody do\u0142o\u017cyli\u015bmy stara\u0144, by w ramach opisu poszczeg\u00f3lnych operacji przetwarzania danych osobowych wskaza\u0107 na przys\u0142uguj\u0105ce Ci w ramach tych operacji uprawnienia.<\/p>\n<p>Podkre\u015blamy, \u017ce jedno z uprawnie\u0144 wskazanych powy\u017cej przys\u0142uguje Ci zawsze &#8211; je\u017celi uznasz, \u017ce przy przetwarzaniu Twoich danych osobowych dopu\u015bcili\u015bmy si\u0119 naruszenia przepis\u00f3w o ochronie danych osobowych, masz mo\u017cliwo\u015b\u0107 wniesienia skargi do organu nadzorczego (Prezesa Urz\u0119du Ochrony Danych Osobowych).<\/p>\n<p>Zawsze mo\u017cesz r\u00f3wnie\u017c zwr\u00f3ci\u0107 si\u0119 do nas z \u017c\u0105daniem udost\u0119pnienia Ci informacji o tym, jakie dane na Tw\u00f3j temat posiadamy oraz w jakich celach je przetwarzamy. Wystarczy, \u017ce wy\u015blesz wiadomo\u015b\u0107 na adres salon(at)dluga14.pl Do\u0142o\u017cyli\u015bmy jednak wszelkich stara\u0144, by interesuj\u0105ce Ci\u0119 informacje zosta\u0142y wyczerpuj\u0105co przedstawione w niniejszej polityce prywatno\u015bci. Podany powy\u017cej adres e-mail mo\u017cesz wykorzysta\u0107 r\u00f3wnie\u017c w razie jakichkolwiek pyta\u0144 zwi\u0105zanych z przetwarzaniem Twoich danych osobowych.<\/p>\n<p><strong>Czas przetwarzania danych osobowych<\/strong>:<\/p>\n<p>Pani\/Pana dane osobowe b\u0119d\u0105 przechowywane bezterminowo do czasu pisemnego wycofania zgody na ich wykorzystywanie.<\/p>\n<p><strong>Bezpiecze\u0144stwo<\/strong>.<\/p>\n<p>Gwarantujemy Ci poufno\u015b\u0107 wszelkich przekazanych nam danych osobowych. Zapewniamy podj\u0119cie wszelkich \u015brodk\u00f3w bezpiecze\u0144stwa i ochrony danych osobowych wymaganych przez przepisy o ochronie danych osobowych. Dane osobowe s\u0105 gromadzone z nale\u017cyt\u0105 staranno\u015bci\u0105 i odpowiednio chronione przed dost\u0119pem do nich przez osoby do tego nieupowa\u017cnione.<\/p>\n<p><strong>Pliki cookies i inne technologie \u015bledz\u0105ce<\/strong><\/p>\n<ol>\n<li><strong>Pliki cookies wykorzystywane s\u0105 w celu:<\/strong>\n<ul>\n<li>dostosowania zawarto\u015bci stron serwis\u00f3w internetowych do preferencji u\u017cytkownika oraz optymalizacji korzystania ze stron internetowych; w szczeg\u00f3lno\u015bci pliki te pozwalaj\u0105 rozpozna\u0107 urz\u0105dzenie u\u017cytkownika serwisu internetowego i odpowiednio wy\u015bwietli\u0107 stron\u0119 internetow\u0105, dostosowan\u0105 do jego indywidualnych potrzeb,<\/li>\n<li>tworzenia statystyk, kt\u00f3re pomagaj\u0105 zrozumie\u0107, w jaki spos\u00f3b u\u017cytkownicy serwisu korzystaj\u0105 ze stron internetowych, co umo\u017cliwia ulepszanie ich struktury i zawarto\u015bci,<\/li>\n<li>utrzymania sesji u\u017cytkownika serwisu internetowego (po zalogowaniu), dzi\u0119ki kt\u00f3rej u\u017cytkownik nie musi na ka\u017cdej podstronie serwisu ponownie wpisywa\u0107 loginu i has\u0142a,<\/li>\n<li>dostarczania u\u017cytkownikom tre\u015bci reklamowych bardziej dostosowanych do ich zainteresowa\u0144.<\/li>\n<\/ul>\n<\/li>\n<li><strong>W wielu przypadkach oprogramowanie s\u0142u\u017c\u0105ce do przegl\u0105dania stron internetowych (przegl\u0105darka internetowa)\u00a0<\/strong>domy\u015blnie dopuszcza przechowywanie plik\u00f3w cookies w urz\u0105dzeniu ko\u0144cowym u\u017cytkownika. Mo\u017cesz w ka\u017cdym czasie dokona\u0107 zmiany ustawie\u0144 dotycz\u0105cych plik\u00f3w cookies. Ustawienia te mog\u0105 zosta\u0107 zmienione w szczeg\u00f3lno\u015bci w taki spos\u00f3b, aby blokowa\u0107 automatyczn\u0105 obs\u0142ug\u0119 plik\u00f3w cookies w ustawieniach przegl\u0105darki internetowej b\u0105d\u017a informowa\u0107 o ich ka\u017cdorazowym zamieszczeniu w urz\u0105dzeniu u\u017cytkownika serwisu internetowego.<\/li>\n<li><strong>Wy\u0142\u0105czenie stosowania cookies mo\u017ce spowodowa\u0107 utrudnienie korzystania ze strony\u00a0<\/strong><\/li>\n<\/ol>\n<p><strong>Logi serwera<\/strong><\/p>\n<p>Korzystanie ze strony wi\u0105\u017ce si\u0119 z przesy\u0142aniem zapyta\u0144 do serwera, na kt\u00f3rym przechowywana jest strona. Ka\u017cde zapytanie skierowane do serwera zapisywane jest w logach serwera.<\/p>\n<p>Logi obejmuj\u0105 m.in. Tw\u00f3j adres IP, dat\u0119 i czas serwera, informacje o przegl\u0105darce internetowej i systemie operacyjnym z jakiego korzystasz. Logi zapisywane i przechowywane s\u0105 na serwerze.<\/p>\n<p>Dane zapisane w logach serwera nie s\u0105 kojarzone z konkretnymi osobami korzystaj\u0105cymi ze strony i nie s\u0105 wykorzystywane przez nas w celu Twojej identyfikacji.<\/p>\n<p>Logi serwera stanowi\u0105 wy\u0142\u0105cznie materia\u0142 pomocniczy s\u0142u\u017c\u0105cy do administrowania stron\u0105, a ich zawarto\u015b\u0107 nie jest ujawniana nikomu poza osobami upowa\u017cnionymi do administrowania serwerem.<\/p>\n<p>&nbsp;<\/p>","protected":false},"excerpt":{"rendered":"<p>Na tej stronie znajduj\u0105 si\u0119 zasady przetwarzania danych osobowych oraz wykorzystywania plik\u00f3w cookies w zwi\u0105zku z korzystaniem ze strony internetowej\u00a0https:\/\/masaztajskibanino.pl Podstawa prawna RODO: Zgodnie z art. 13 ust. 1 i ust. 2 rozporz\u0105dzenia Parlamentu Europejskiego i Rady (UE) 2016\/679 z 27 kwietnia 2016 r. w sprawie ochrony os\u00f3b fizycznych w zwi\u0105zku z przetwarzaniem danych osobowych &#8230; <a title=\"Privacy policy and cookies\" class=\"read-more\" href=\"https:\/\/masaztajskibanino.pl\/en\/polityka-prywatnosci-i-plikow-cookies\/\" aria-label=\"Read more about Polityka prywatno\u015bci i plik\u00f3w cookies\">Read more<\/a><\/p>","protected":false},"author":2,"featured_media":0,"parent":0,"menu_order":0,"comment_status":"closed","ping_status":"closed","template":"","meta":{"footnotes":""},"class_list":["post-507","page","type-page","status-publish"],"aioseo_notices":[],"_links":{"self":[{"href":"https:\/\/masaztajskibanino.pl\/en\/wp-json\/wp\/v2\/pages\/507","targetHints":{"allow":["GET"]}}],"collection":[{"href":"https:\/\/masaztajskibanino.pl\/en\/wp-json\/wp\/v2\/pages"}],"about":[{"href":"https:\/\/masaztajskibanino.pl\/en\/wp-json\/wp\/v2\/types\/page"}],"author":[{"embeddable":true,"href":"https:\/\/masaztajskibanino.pl\/en\/wp-json\/wp\/v2\/users\/2"}],"replies":[{"embeddable":true,"href":"https:\/\/masaztajskibanino.pl\/en\/wp-json\/wp\/v2\/comments?post=507"}],"version-history":[{"count":0,"href":"https:\/\/masaztajskibanino.pl\/en\/wp-json\/wp\/v2\/pages\/507\/revisions"}],"wp:attachment":[{"href":"https:\/\/masaztajskibanino.pl\/en\/wp-json\/wp\/v2\/media?parent=507"}],"curies":[{"name":"wp","href":"https:\/\/api.w.org\/{rel}","templated":true}]}}