{"id":3943,"date":"2020-09-24T08:51:46","date_gmt":"2020-09-24T06:51:46","guid":{"rendered":"https:\/\/masaztajskibanino.pl\/?page_id=3943"},"modified":"2025-06-05T14:00:08","modified_gmt":"2025-06-05T12:00:08","slug":"regulamin-zakupow-voucherow","status":"publish","type":"page","link":"https:\/\/masaztajskibanino.pl\/en\/regulamin-zakupow-voucherow\/","title":{"rendered":"Regulamin zakup\u00f3w voucher\u00f3w"},"content":{"rendered":"<p><strong>\u00a71 Postanowienia og\u00f3lne.<\/strong><\/p>\n<p>1. Niniejszy regulamin stanowi regulamin \u015bwiadczenia us\u0142ug drog\u0105 elektroniczn\u0105 oraz okre\u015bla zasady sprzeda\u017cy produkt\u00f3w firmy Thai-Land Massage oferowanych w sklepie internetowym http:\/\/www.masaztajskibanino.pl<br \/>\n2. W\u0142a\u015bcicielem sklepu internetowego http:\/\/www.masaztajskibanino.pl, zwanego dalej Sklepem, jest TPD TRADE Sp z o.o. ul. Gda\u0144ska 89\/1, 85-022\u00a0 Bydgoszcz, NIP 9571080037.\u00a0 KRS Sp\u00f3\u0142ki 570642.<br \/>\n3.Sprzeda\u017c odbywa si\u0119 poprzez Internet w formie umowy zawieranej na odleg\u0142o\u015b\u0107, pomi\u0119dzy zamawiaj\u0105cym \u2013 zwanym dalej Konsumentem, a Sprzedawc\u0105 prowadz\u0105cym sklep internetowy o adresie elektronicznym http:\/\/www.masaztajskibanino.pl<br \/>\n4. Wymagania techniczne do\u00a0prawid\u0142owego funkcjonowania systemu teleinformatycznego jakim pos\u0142uguje\u00a0si\u0119 Sklep: po\u0142\u0105czenie z\u00a0sieci\u0105 Internet, przegl\u0105darka internetowa lub\u00a0odpowiednia aplikacja, posiadanie i\u00a0podanie adresu email umo\u017cliwiaj\u0105cego przes\u0142anie informacji dotycz\u0105cych realizacji zam\u00f3wienia.<br \/>\n5. Sprzedawca o\u015bwiadcza, \u017ce w\u00a0ramach \u015bwiadczenia us\u0142ug opisanych w\u00a0Regulaminie, U\u017cytkownik ma zakaz dostarczania tre\u015bci o\u00a0charakterze bezprawnym.<br \/>\n6. Sprzedawca o\u015bwiadcza, \u017ce \u015bwiadczy us\u0142ugi drog\u0105 elektroniczn\u0105 zgodnie z\u00a0Regulaminem.<br \/>\n7. Okre\u015blenia u\u017cyte w\u00a0niniejszym regulaminie oznaczaj\u0105:<br \/>\n<em>Sklep<\/em> \u2013 sklep internetowy dzia\u0142aj\u0105cy pod adresem elektronicznym http:\/\/www.masaztajskibanino.pl;<br \/>\n<em>U\u017cytkownik<\/em>\u00a0\u2013 osoba fizyczna, osoba prawna lub\u00a0jednostka organizacyjna, nie\u00a0posiadaj\u0105ca osobowo\u015bci prawnej, a\u00a0posiadaj\u0105ca zdolno\u015b\u0107 do\u00a0czynno\u015bci prawnych, kt\u00f3ra na\u00a0zasadach okre\u015blonych w\u00a0niniejszym Regulaminie dokonuje rejestracji lub\u00a0\/i zakupu w\u00a0Sklepie;<br \/>\n<em>Konsument<\/em>\u00a0\u2013 zgodnie z art. 221\u00a0ustawy z dnia 23 kwietnia 1964 Kodeksu Cywilnego osoba fizyczna dokonuj\u0105ca ze Sprzedawc\u0105 czynno\u015bci prawnej niezwi\u0105zanej bezpo\u015brednio z jej dzia\u0142alno\u015bci\u0105 gospodarcz\u0105 lub zawodow\u0105;<br \/>\n<em>Dni robocze<\/em>\u00a0\u2013 wszystkie dni tygodnia od\u00a0poniedzia\u0142ku do\u00a0pi\u0105tku, z\u00a0wy\u0142\u0105czeniem dni ustawowo wolnych od\u00a0pracy;<br \/>\n<em>Czas realizacji zam\u00f3wienia<\/em>\u00a0\u2013 to czas, kt\u00f3ry liczy\u00a0si\u0119 od\u00a0momentu potwierdzenia przez Sklep przyj\u0119cia zam\u00f3wienia do\u00a0realizacji, a\u00a0ko\u0144czy\u00a0si\u0119 w\u00a0momencie otrzymania zam\u00f3wionego towaru przez Konsumenta;<br \/>\n<em>Basket<\/em>\u00a0\u2013 element Sklepu, za\u00a0pomoc\u0105 kt\u00f3rego U\u017cytkownik precyzuje szczeg\u00f3\u0142y zam\u00f3wienia takie jak: ilo\u015b\u0107 produkt\u00f3w, adres dostawy, dane do\u00a0faktury, spos\u00f3b dostawy, spos\u00f3b p\u0142atno\u015bci, itp.;<br \/>\n<em>Strona Produktowa<\/em>\u00a0\u2013 strona w\u00a0Sklepie, na\u00a0kt\u00f3rej przedstawione s\u0105\u00a0informacje na\u00a0temat oferowanego produktu;<br \/>\n<em>Umowa sprzeda\u017cy<\/em>\u00a0\u2013 umowa sprzeda\u017cy zawarta na odleg\u0142o\u015b\u0107, na zasadach okre\u015blonych w niniejszym regulaminie, pomi\u0119dzy Konsumentem a Sprzedawc\u0105.<\/p>\n<p><strong>\u00a72 Rejestracja i\u00a0logowanie.<\/strong><\/p>\n<p>1. Warunkiem dokonywania zakup\u00f3w w\u00a0Sklepie jest wype\u0142nienie formularza dotycz\u0105cego adresu dostawy zam\u00f3wionego towaru. Wymagane w\u00a0formularzu dane to: imi\u0119 i\u00a0nazwisko, adres korespondencyjny, numer telefonu oraz\u00a0adres email.<br \/>\n5. Podanie danych, o\u00a0kt\u00f3rych mowa w\u00a0punkcie 1, jest konieczne dla realizacji zam\u00f3wie\u0144 sk\u0142adanych przez U\u017cytkownika w\u00a0Sklepie i\u00a0nie b\u0119dzie w\u00a0inny spos\u00f3b wykorzystywane ni\u017c do\u00a0realizacji sprzeda\u017cy w\u00a0niniejszym Sklepie. Informacje dotycz\u0105ce przetwarzania danych osobowych w\u00a0innym celu ni\u017c powy\u017cszy znajduj\u0105\u00a0si\u0119 w\u00a0zak\u0142adce\u00a0Polityka Prywatno\u015bci.<br \/>\n6.\u00a0Z\u0142o\u017cenie przez U\u017cytkownika zam\u00f3wienia, poci\u0105ga za\u00a0sob\u0105 obowi\u0105zek zap\u0142aty za\u00a0wybrany towar, w\u00a0wysoko\u015bci okre\u015blonej w\u00a0zam\u00f3wieniu.<br \/>\n7. W \u00a0celu rozwi\u0105zania umowy o\u00a0prowadzenie konta w\u00a0Sklepie, U\u017cytkownik powinien przekaza\u0107 tak\u0105 informacj\u0119 do\u00a0Sklepu za\u00a0pomoc\u0105 poczty elektronicznej, tradycyjnej lub\u00a0telefonicznie.<\/p>\n<p><strong>\u00a73 Sk\u0142adanie zam\u00f3wie\u0144.<\/strong><\/p>\n<p>1. W\u00a0celu z\u0142o\u017cenia zam\u00f3wienia, zamawiaj\u0105cy powinien korzysta\u0107 z\u00a0najnowszych wersji przegl\u0105darek internetowych. Powinien mie\u0107 w\u0142\u0105czon\u0105 obs\u0142ug\u0119 Java Script oraz\u00a0obs\u0142ug\u0119 plik\u00f3w Cookies.<br \/>\n2. Umowa sprzeda\u017cy mi\u0119dzy Konsumentem a\u00a0Sprzedawc\u0105 zostaje zawarta z\u00a0chwil\u0105 otrzymania wiadomo\u015bci email, jak\u0105 przesy\u0142a Sprzedawca po\u00a0z\u0142o\u017ceniu zam\u00f3wienia przez Konsumenta. Email zawiera potwierdzenie otrzymania zam\u00f3wienia przez Sprzedawc\u0119 wraz ze\u00a0wszystkimi istotnymi warunkami zam\u00f3wienia. Z\u00a0chwil\u0105 otrzymania powy\u017cszej wiadomo\u015bci email, zostaje zawarta Umowa sprzeda\u017cy.<br \/>\n3. U\u017cytkownik mo\u017ce sk\u0142ada\u0107 zam\u00f3wienia przez 24 godziny na\u00a0dob\u0119. U\u017cytkownik \u0142\u0105cz\u0105cy\u00a0si\u0119 z\u00a0Internetem spoza terytorium Polski, mo\u017ce mie\u0107 ograniczony dost\u0119p do\u00a0niekt\u00f3rych informacji o\u00a0produktach, wi\u0119cej o\u00a0tych ograniczeniach mo\u017cna\u00a0si\u0119 dowiedzie\u0107 z\u00a0Polityki Prywatno\u015bci. U\u017cytkownik sk\u0142ada zam\u00f3wienie poprzez wskazanie produktu na\u00a0Stronie Produktowej, kt\u00f3rym jest zainteresowany \u2013 polecenie \u201eDodaj do\u00a0koszyka\u201d, a\u00a0nast\u0119pnie w\u00a0Koszyku w\u00a0kolejnych krokach wskazuje spos\u00f3b odbioru i\u00a0p\u0142atno\u015bci za\u00a0zam\u00f3wienie.<br \/>\n4. Przez skuteczne\u00a0z\u0142o\u017cenie zam\u00f3wienia nale\u017cy rozumie\u0107 proces przej\u015bcia wszystkich 4 etap\u00f3w (krok\u00f3w) sk\u0142adania zam\u00f3wienia i\u00a0zatwierdzenie przyciskiem \u201aZam\u00f3wienie\u2019. Potwierdzenie zam\u00f3wienia poprzez klikni\u0119cie przycisku \u201aKontynuuj zakupy\u2019 wi\u0105\u017ce\u00a0si\u0119 z\u00a0obowi\u0105zkiem op\u0142acenia zam\u00f3wienia. nie\u00a0b\u0119dzie ju\u017c mo\u017cna dokona\u0107 zmian w\u00a0koszyku.<br \/>\nDla realizacji zam\u00f3wienia koniecznie jest podanie adresu dostawy (imi\u0119 i\u00a0nazwisko, ulica, kod pocztowy, miasto) oraz\u00a0danych kontaktowych (imi\u0119 i\u00a0nazwisko, numer telefonu, adres e-mail).<br \/>\n5. Podanie danych takich jak: imi\u0119, nazwisko, adres korespondencyjny, adres email, numer telefonu, jest ca\u0142kowicie dobrowolne.<br \/>\n6. Dla U\u017cytkownik\u00f3w zagranicznych Sklep udost\u0119pnia wersj\u0119 angielsk\u0105 swoich stron.<br \/>\n7. Spos\u00f3b porozumiewania\u00a0si\u0119 z\u00a0U\u017cytkownikiem odbywa\u00a0si\u0119 za\u00a0po\u015brednictwem: poczty elektronicznej, telefonu lub\u00a0poczty tradycyjnej (na\u00a0\u017cyczenie U\u017cytkownika).<\/p>\n<p><strong>\u00a74 Ceny towar\u00f3w.<\/strong><\/p>\n<p>1. Sklep zamieszcza informacje na\u00a0temat swojej oferty na\u00a0Stronach Produktowych i\u00a0oferuje towary znajduj\u0105ce\u00a0si\u0119 w\u00a0bazie Sklepu za\u00a0po\u015brednictwem Internetu.<br \/>\n2. Ceny na\u00a0stronie Sklepu zamieszczone przy oferowanym produkcie na\u00a0Stronie Produktowej zawieraj\u0105 podatek VAT i\u00a0podawane s\u0105\u00a0w\u00a0\u00a0z\u0142otych Polskich; nie\u00a0zawieraj\u0105 w\u00a0sobie ewentualnych koszt\u00f3w dostawy. Koszty dostawy okre\u015blone s\u0105\u00a0w\u00a0zak\u0142adce\u00a0\u2018Koszty dostawy\u2019.<br \/>\n3. Cen\u0105 wi\u0105\u017c\u0105c\u0105 i ostateczn\u0105 produktu jest jego cena podana na Stronie Produktowej w\u00a0chwili sk\u0142adania zam\u00f3wienia przez U\u017cytkownika.<br \/>\n4. Informacja na temat ca\u0142kowitej warto\u015bci zam\u00f3wienia obejmuj\u0105ca cen\u0119 produktu, koszty przesy\u0142ki, przedstawiana jest po dokonaniu przez U\u017cytkownika wyboru formy dostawy zam\u00f3wienia i formy p\u0142atno\u015bci \u2013 w\u00a0trzecim kroku Koszyka.<br \/>\n5. Sklep mo\u017ce udost\u0119pnia\u0107 ofert\u0119 promocyjn\u0105, na\u00a0podstawie kt\u00f3rej ceny towar\u00f3w b\u0119d\u0105 obni\u017cone. Promocje w\u00a0Sklepie nie\u00a0podlegaj\u0105 \u0142\u0105czeniu o\u00a0ile regulamin danej promocji nie\u00a0stanowi inaczej.<\/p>\n<p><strong>\u00a75 Formy p\u0142atno\u015bci i\u00a0dostawy.<\/strong><\/p>\n<p>1. P\u0142atno\u015b\u0107 za\u00a0zam\u00f3wiony towar mo\u017ce nast\u0105pi\u0107 za pomoc\u0105 serwisu Przelewy24\u00a0kart\u0105 p\u0142atnicz\u0105, przelewem internetowym lub\u00a0tradycyjnym przelewem na\u00a0konto bankowe. Bie\u017c\u0105ce formy p\u0142atno\u015bci okre\u015blone s\u0105\u00a0na\u00a0stronie\u00a0\u2018Formy p\u0142atno\u015bci\u2019.<br \/>\n2. Wysy\u0142ka Produktu odbywa si\u0119 za pomoc\u0105 poczty elektronicznej w wersji PDF. Brak mo\u017cliwo\u015bci wysy\u0142ki poczt\u0105.\u00a0 Istnieje mo\u017cliwo\u015b\u0107 odbioru zaproszenia osobi\u015bcie w salonie Thai-Land Massage ul. P\u00f3\u0142nocna 22, Banino.<\/p>\n<p><strong>\u00a76 Realizacja zam\u00f3wie\u0144.<\/strong><\/p>\n<p>1. Przez zrealizowanie zam\u00f3wienia nale\u017cy rozumie\u0107 dokonanie wszystkich etap\u00f3w realizacji: od rozpocz\u0119cia procesu realizacji zam\u00f3wienia przez Sklep, poprzez przekazanie produktu form\u0105 elektroniczn\u0105 lub na \u017cyczenie Konsumenta poprzez poczt\u0119, do przekazania przesy\u0142ki Konsumentowi.<br \/>\n2. Po\u00a0z\u0142o\u017ceniu zam\u00f3wienia, Sprzedawca wysy\u0142a Konsumentowi email potwierdzaj\u0105cy zam\u00f3wienie, kt\u00f3ry zawiera wszystkie istotne warunki zam\u00f3wienia. Z\u00a0chwil\u0105 otrzymania powy\u017cszej wiadomo\u015bci email, zostaje zawarta Umowa sprzeda\u017cy. Przyj\u0119cie zam\u00f3wienia do\u00a0realizacji nast\u0119puje po zawarciu Umowy.<br \/>\n3. Czas realizacji zam\u00f3wienia wynosi kilka minut po dokoniu wp\u0142aty za pomoc\u0105 Przelewy24 lub do 5 dni roboczych po zaksi\u0119gowaniu wp\u0142aty zwyk\u0142ym przelewem bankowym.<br \/>\n4. Sklep ma obowi\u0105zek dostarczy\u0107 U\u017cytkownikowi towar wolny od\u00a0wad.<\/p>\n<p><strong>\u00a77 Warunki reklamacji (zg\u0142oszenie wad rzeczy sprzedanej).\u00a0<\/strong><\/p>\n<p>1. od\u00a025 grudnia 2014 r. podstawa i\u00a0zakres odpowiedzialno\u015bci Sprzedawcy wobec Konsumenta z\u00a0tytu\u0142u prawa do\u00a0r\u0119kojmi za\u00a0wad\u0119 fizyczn\u0105 i\u00a0prawn\u0105 okre\u015bla ustawa z\u00a0dnia 23 kwietnia 1964 r. Kodeks Cywilny. W\u00a0przypadku ewentualnych reklamacji nale\u017cy skontaktowa\u0107\u00a0si\u0119 ze\u00a0Sklepem za\u00a0po\u015brednictwem poczty elektronicznej:\u00a0<span id=\"cloak2de39af00d12fa673c05f8e4536ab615\"><a href=\"mailto:dluga14-poznan@thai-land.pl\">salon@masaztajskibanino.pl<\/a><\/span>, telefonicznie: +48 730 070 260, lub korespondencyjnie: Thai-Land Massage, ul.P\u00f3\u0142nocna 22\/8, 80-297 Banino.<br \/>\n2. Sprzedawca ustosunkuje si\u0119 do \u017c\u0105da\u0144 Konsumenta nie p\u00f3\u017aniej ni\u017c w terminie 14 dni.<\/p>\n<p><strong>\u00a78 Odst\u0105pienie od umowy.<\/strong><\/p>\n<p><em><strong>Art. 27 ustawy o prawach konsumenta<\/strong><\/em><\/p>\n<p><em><strong>Konsument, kt\u00f3ry zawar\u0142 umow\u0119 na odleg\u0142o\u015b\u0107 lub poza lokalem przedsi\u0119biorstwa, mo\u017ce w terminie 14 dni odst\u0105pi\u0107 od niej bez podawania przyczyny i bez ponoszenia koszt\u00f3w, z wyj\u0105tkiem koszt\u00f3w okre\u015blonych w art. 33, art. 34 ust. 2 i art. 35.<\/strong><\/em><\/p>\n<p><em><strong>Zaproszenia oraz karnety warto\u015bciowe nie podlegaj\u0105 refundacji w przypadkach innych ni\u017c wy\u017cej wymieniony (art. 27)<\/strong><\/em><\/p>\n<p>1. Zgodnie z\u00a0art. 38 ustawy o\u00a0prawach konsumenta, U\u017cytkownikowi nie\u00a0przys\u0142uguje prawo do\u00a0odst\u0105pienia od\u00a0umowy w\u00a0odniesieniu do\u00a0um\u00f3w:<br \/>\n1) o\u00a0\u015bwiadczenie us\u0142ug, je\u017celi przedsi\u0119biorca wykona\u0142 w\u00a0pe\u0142ni us\u0142ug\u0119 za\u00a0wyra\u017an\u0105 zgod\u0105 konsumenta, kt\u00f3ry zosta\u0142 poinformowany przed rozpocz\u0119ciem \u015bwiadczenia, \u017ce po spe\u0142nieniu \u015bwiadczenia przez przedsi\u0119biorc\u0119 utraci prawo odst\u0105pienia od\u00a0umowy;<br \/>\n2) w\u00a0kt\u00f3rej cena lub\u00a0wynagrodzenie zale\u017cy od\u00a0waha\u0144 na\u00a0rynku finansowym, nad kt\u00f3rymi przedsi\u0119biorca nie\u00a0sprawuje kontroli, i\u00a0kt\u00f3re mog\u0105 wyst\u0105pi\u0107 przed up\u0142ywem terminu do\u00a0odst\u0105pienia od\u00a0umowy;<br \/>\n3) w\u00a0kt\u00f3rej przedmiotem \u015bwiadczenia jest rzecz nieprefabrykowana, wyprodukowana wed\u0142ug specyfikacji konsumenta lub\u00a0s\u0142u\u017c\u0105ca zaspokojeniu jego zindywidualizowanych potrzeb;<br \/>\n4) w\u00a0kt\u00f3rej przedmiotem \u015bwiadczenia jest rzecz ulegaj\u0105ca szybkiemu zepsuciu lub\u00a0maj\u0105ca kr\u00f3tki termin przydatno\u015bci do\u00a0u\u017cycia;<br \/>\n5) w\u00a0kt\u00f3rej przedmiotem \u015bwiadczenia jest rzecz dostarczana w\u00a0zapiecz\u0119towanym opakowaniu, kt\u00f3rej po otwarciu opakowania nie\u00a0mo\u017cna zwr\u00f3ci\u0107 ze\u00a0wzgl\u0119du na\u00a0ochron\u0119 zdrowia lub\u00a0ze wzgl\u0119d\u00f3w higienicznych, je\u017celi opakowanie zosta\u0142o otwarte po dostarczeniu;<br \/>\n6) w\u00a0kt\u00f3rej przedmiotem \u015bwiadczenia s\u0105\u00a0rzeczy, kt\u00f3re po dostarczeniu, ze\u00a0wzgl\u0119du na\u00a0sw\u00f3j charakter, zostaj\u0105 nieroz\u0142\u0105cznie po\u0142\u0105czone z\u00a0innymi rzeczami;<br \/>\n7) w\u00a0kt\u00f3rej przedmiotem \u015bwiadczenia s\u0105\u00a0napoje alkoholowe, kt\u00f3rych cena zosta\u0142a uzgodniona przy zawarciu umowy sprzeda\u017cy, a\u00a0kt\u00f3rych dostarczenie mo\u017ce nast\u0105pi\u0107 dopiero po up\u0142ywie 30 dni i\u00a0kt\u00f3rych warto\u015b\u0107 zale\u017cy od\u00a0waha\u0144 na\u00a0rynku, nad kt\u00f3rymi przedsi\u0119biorca nie\u00a0ma kontroli;<br \/>\n8) w\u00a0kt\u00f3rej konsument wyra\u017anie \u017c\u0105da\u0142, aby przedsi\u0119biorca do\u00a0niego przyjecha\u0142 w\u00a0celu dokonania pilnej naprawy lub\u00a0konserwacji; je\u017celi przedsi\u0119biorca \u015bwiadczy dodatkowo inne us\u0142ugi ni\u017c te, kt\u00f3rych wykonania konsument \u017c\u0105da\u0142, lub\u00a0dostarcza rzeczy inne ni\u017c cz\u0119\u015bci zamienne niezb\u0119dne do\u00a0wykonania naprawy lub\u00a0konserwacji, prawo odst\u0105pienia od\u00a0umowy przys\u0142uguje konsumentowi w\u00a0odniesieniu do\u00a0dodatkowych us\u0142ug lub\u00a0rzeczy;<br \/>\n9) w\u00a0kt\u00f3rej przedmiotem \u015bwiadczenia s\u0105\u00a0nagrania d\u017awi\u0119kowe lub\u00a0wizualne albo programy komputerowe dostarczane w\u00a0zapiecz\u0119towanym opakowaniu, je\u017celi opakowanie zosta\u0142o otwarte po dostarczeniu;<br \/>\n10) o\u00a0dostarczanie dziennik\u00f3w, periodyk\u00f3w lub\u00a0czasopism, z\u00a0wyj\u0105tkiem umowy o\u00a0prenumerat\u0119;<br \/>\n11) zawartej w\u00a0drodze aukcji publicznej;<br \/>\n12) o\u00a0\u015bwiadczenie us\u0142ug w\u00a0zakresie zakwaterowania, innych ni\u017c do\u00a0cel\u00f3w mieszkalnych, przewozu rzeczy, najmu samochod\u00f3w, gastronomii, us\u0142ug zwi\u0105zanych z\u00a0wypoczynkiem, wydarzeniami rozrywkowymi, sportowymi lub\u00a0kulturalnymi, je\u017celi w\u00a0umowie oznaczono dzie\u0144 lub\u00a0okres \u015bwiadczenia us\u0142ugi;<br \/>\n13) o\u00a0dostarczanie tre\u015bci cyfrowych, kt\u00f3re nie\u00a0s\u0105 zapisane na\u00a0no\u015bniku materialnym, je\u017celi spe\u0142nianie \u015bwiadczenia rozpocz\u0119\u0142o\u00a0si\u0119 za\u00a0wyra\u017an\u0105 zgod\u0105 konsumenta przed up\u0142ywem terminu do\u00a0odst\u0105pienia od\u00a0umowy i\u00a0po poinformowaniu go przez przedsi\u0119biorc\u0119 o\u00a0utracie prawa odst\u0105pienia od\u00a0umowy.<\/p>\n<p><strong>\u00a79 Dane osobowe.<\/strong><\/p>\n<p>1. Administratorem danych osobowych (imi\u0119, nazwisko, adres korespondencyjny, adres email, numer telefonu, login oraz has\u0142o), podanych przez Klienta w ramach rejestracji lub sk\u0142adania zam\u00f3wienia w Sklepie, jest Sprzedawca, tj. firma Thai-Land Massage, mieszcz\u0105ca si\u0119 przy ulicy P\u00f3\u0142nocnej 22\/8 w Baninie.<br \/>\n2. Klient ma prawo dost\u0119pu do\u00a0tre\u015bci danych oraz\u00a0do\u00a0ich poprawiania.<br \/>\n3. W\u00a0przypadku wyra\u017cenia przez Klienta dodatkowych zg\u00f3d, jego dane osobowe b\u0119d\u0105 przetwarzane przez Sklep lub\u00a0partner\u00f3w handlowych Sklepu w\u00a0celu informowania Klienta o\u00a0nowych towarach, promocjach i\u00a0us\u0142ugach dost\u0119pnych w\u00a0Sklepie lub u\u00a0partner\u00f3w.<br \/>\n4. Szczeg\u00f3\u0142owe zasady przetwarzania danych osobowych zosta\u0142y opisane w\u00a0zak\u0142adce\u00a0Polityka Prywatno\u015bci.<\/p>\n<p><strong>\u00a710 Sprawy nieuregulowane regulaminem.<\/strong><\/p>\n<p>1. Umowy zawierane poprzez Sklep zawierane s\u0105 zgodnie z prawem polskim i\u00a0w j\u0119zyku polskim.<br \/>\n2. W\u00a0sprawach nieuregulowanych w\u00a0Regulaminie maj\u0105 zastosowanie przepisy Ustawy o\u00a0prawach konsumenta z\u00a0dnia 30 maja 2014 r., Kodeksu Cywilnego, ustawy o \u015bwiadczeniu us\u0142ug drog\u0105 elektroniczn\u0105, ustawy o ochronie danych osobowych oraz inne w\u0142a\u015bciwe przepisy.<br \/>\n3. Ewentualne spory powsta\u0142e pomi\u0119dzy Sprzedawc\u0105 a Konsumentami zostan\u0105 poddane s\u0105dom w\u0142a\u015bciwym zgodnie z przepisami ustawy z dnia 17 listopada 1964 r. Kodeks Post\u0119powania Cywilnego.<br \/>\nKonsument ma mo\u017cliwo\u015b\u0107 skorzystania z\u00a0pozas\u0105dowego sposobu rozpatrywania reklamacji i\u00a0dochodzenia roszcze\u0144 poprzez: Wojew\u00f3dzkie Inspektoraty Inspekcji Handlowej, Sta\u0142e Polubowne S\u0105dy Konsumenckie dzia\u0142aj\u0105ce przy Wojew\u00f3dzkim Inspektoracie Inspekcji Handlowej, Rzecznik\u00f3w Praw Konsument\u00f3w, Federacj\u0119 Konsument\u00f3w, Stowarzyszenie Konsument\u00f3w Polskich. Informacje o\u00a0sposobach dost\u0119pu do\u00a0ww. tryb\u00f3w i\u00a0procedur rozstrzygania spor\u00f3w, znajduj\u0105\u00a0si\u0119 pod\u00a0nast\u0119puj\u0105cym adresem:\u00a0<a href=\"http:\/\/www.uokik.gov.pl\/spory_konsumenckie.php\">http:\/\/www.uokik.gov.pl\/spory_konsumenckie.php<\/a>.<br \/>\nKonsument mo\u017ce r\u00f3wnie\u017c z\u0142o\u017cy\u0107 skarg\u0119 za po\u015brednictwem platformy ODR (online dispute resolution) dost\u0119pnej pod adresem elektronicznym:\u00a0<a href=\"http:\/\/ec.europa.eu\/consumers\/odr\/\">http:\/\/ec.europa.eu\/consumers\/odr\/<\/a>. Europejska platforma ODR stanowi jeden wsp\u00f3lny punkt dost\u0119pu dla konsument\u00f3w i przedsi\u0119biorc\u00f3w, umo\u017cliwiaj\u0105cy pozas\u0105dowe rozstrzyganie spor\u00f3w dotycz\u0105cych zobowi\u0105za\u0144 umownych, wynikaj\u0105cych z zawartej internetowej umowy sprzeda\u017cy i \/ lub zawartej internetowej umowy o \u015bwiadczenie us\u0142ug.<\/p>\n<p><strong>\u00a711 Postanowienia ko\u0144cowe.<\/strong><\/p>\n<p>1. Niniejszy Regulamin dost\u0119pny jest w siedzibie Sprzedawcy, a tak\u017ce pod adresem internetowym: \u00a0http:\/\/www.masaztajskibanino.pl<br \/>\n2. Sprzedawca dopuszcza prawo zmian niniejszego Regulaminu z wa\u017cnych powod\u00f3w, w szczeg\u00f3lno\u015bci:<br \/>\n\u2013 zamiany przepis\u00f3w prawnych dotycz\u0105cych prawa konsumenckiego i\u00a0handlu elektronicznego,<br \/>\n\u2013 zmiany form p\u0142atno\u015bci,<br \/>\n\u2013 zmiany sposob\u00f3w dostawy,<br \/>\n\u2013 zmiany formy prawnej prowadzonej dzia\u0142alno\u015bci gospodarczej.<br \/>\n3. Zmiany Regulaminu nie\u00a0b\u0119d\u0105 mia\u0142y wp\u0142ywu na\u00a0\u00a0z\u0142o\u017cone i\u00a0realizowane zam\u00f3wienia. Zam\u00f3wienia przyj\u0119te do\u00a0realizacji obowi\u0105zuje Regulamin aktualny w\u00a0chwili\u00a0z\u0142o\u017cenia zam\u00f3wienia.<br \/>\n4. Niniejszy Regulamin zosta\u0142 opublikowany dn. 10 grudnia 2016.<\/p>","protected":false},"excerpt":{"rendered":"<p>\u00a71 Postanowienia og\u00f3lne. 1. Niniejszy regulamin stanowi regulamin \u015bwiadczenia us\u0142ug drog\u0105 elektroniczn\u0105 oraz okre\u015bla zasady sprzeda\u017cy produkt\u00f3w firmy Thai-Land Massage oferowanych w sklepie internetowym http:\/\/www.masaztajskibanino.pl 2. W\u0142a\u015bcicielem sklepu internetowego http:\/\/www.masaztajskibanino.pl, zwanego dalej Sklepem, jest TPD TRADE Sp z o.o. ul. Gda\u0144ska 89\/1, 85-022\u00a0 Bydgoszcz, NIP 9571080037.\u00a0 KRS Sp\u00f3\u0142ki 570642. 3.Sprzeda\u017c odbywa si\u0119 poprzez Internet w &#8230; <a title=\"Regulamin zakup\u00f3w voucher\u00f3w\" class=\"read-more\" href=\"https:\/\/masaztajskibanino.pl\/en\/regulamin-zakupow-voucherow\/\" aria-label=\"Read more about Regulamin zakup\u00f3w voucher\u00f3w\">Read more<\/a><\/p>","protected":false},"author":2,"featured_media":0,"parent":0,"menu_order":0,"comment_status":"closed","ping_status":"closed","template":"","meta":{"footnotes":""},"class_list":["post-3943","page","type-page","status-publish"],"aioseo_notices":[],"_links":{"self":[{"href":"https:\/\/masaztajskibanino.pl\/en\/wp-json\/wp\/v2\/pages\/3943","targetHints":{"allow":["GET"]}}],"collection":[{"href":"https:\/\/masaztajskibanino.pl\/en\/wp-json\/wp\/v2\/pages"}],"about":[{"href":"https:\/\/masaztajskibanino.pl\/en\/wp-json\/wp\/v2\/types\/page"}],"author":[{"embeddable":true,"href":"https:\/\/masaztajskibanino.pl\/en\/wp-json\/wp\/v2\/users\/2"}],"replies":[{"embeddable":true,"href":"https:\/\/masaztajskibanino.pl\/en\/wp-json\/wp\/v2\/comments?post=3943"}],"version-history":[{"count":2,"href":"https:\/\/masaztajskibanino.pl\/en\/wp-json\/wp\/v2\/pages\/3943\/revisions"}],"predecessor-version":[{"id":9409,"href":"https:\/\/masaztajskibanino.pl\/en\/wp-json\/wp\/v2\/pages\/3943\/revisions\/9409"}],"wp:attachment":[{"href":"https:\/\/masaztajskibanino.pl\/en\/wp-json\/wp\/v2\/media?parent=3943"}],"curies":[{"name":"wp","href":"https:\/\/api.w.org\/{rel}","templated":true}]}}